{"id":17985,"date":"2021-03-03T15:16:35","date_gmt":"2021-03-03T14:16:35","guid":{"rendered":"https:\/\/select-luxury.travel\/?page_id=17985"},"modified":"2026-03-16T10:43:40","modified_gmt":"2026-03-16T09:43:40","slug":"norway-luxury-in-summer","status":"publish","type":"page","link":"https:\/\/select-luxury.travel\/en\/selections\/private\/norwegen-luxury-im-sommer","title":{"rendered":"Norway Luxury in summer"},"content":{"rendered":"<p><span class=\"text-braun\">Midsummer, spectacular natural beauty &amp; design in northern Europe<\/span><\/p>\n<p>The soft light in the never-ending white nights of midsummer, fascinating fjords, high mountains, endless forests, unspoilt nature, an endlessly long coastline, trolls and Vikings, Nordic cuisine and spectacular architecture and design - that's Norway! A unique backdrop for a dream holiday in Nordic originality. The Svalbard archipelago between the mainland and the North Pole is particularly remote and unspoilt, where you can get up close to polar bears. One of the most untouched and secluded places in Europe are the Lofoten Islands with their impressive fjords, a perfect interplay of mountains and sea, light and colour. Sometimes we just need a break, preferably outside in nature. A time-out to relax, reflect and reconnect with ourselves. With these enchanting surroundings and numerous outdoor adventures, the unique fjords in Norway are ideal. Of course, the popular Nordic cuisine must not be neglected on this extraordinary road adventure. Along selected roads in Norway you will find natural wonders complemented by good food, spectacular architecture, art and design ... Explore mountains and glaciers, go on an e-bike tour, walk through lonely forests, marvel at fjords and cliffs and stay in unique Nordic hotels and lodges in the midst of Norway's undisturbed nature. The choice is yours: an exciting self-drive tour or a luxury trip with a private driver-guide - either way with that certain outdoor kick, enjoyable moments of Scandinavian Nordic cuisine and, of course, selected hotels and lodges. <\/p>","protected":false},"excerpt":{"rendered":"<p>Mittsommer, spektakul\u00e4re Natursch\u00f6nheiten &#038; Design im Norden Europas Das sanfte Licht in den niemals endenden wei\u00dfen N\u00e4chten des Mittsommers, faszinierende Fjorde, hohe Berge, unendliche W\u00e4lder, unber\u00fchrte Natur, eine endlos lange K\u00fcstenlinie, Trolle und Wikinger, Nordic Cuisine und spektakul\u00e4re Architektur und Design &#8211; das ist Norwegen! Eine einzigartige Kulisse f\u00fcr eine Traumreise in nordische Urspr\u00fcnglichkeit. Besonders [&hellip;]<\/p>\n","protected":false},"author":4,"featured_media":0,"parent":514,"menu_order":0,"comment_status":"closed","ping_status":"closed","template":"page-reise_detail.php","meta":{"_acf_changed":false,"inline_featured_image":false,"footnotes":""},"categories":[9,8,2],"tags":[],"class_list":["post-17985","page","type-page","status-publish","hentry","category-private-selections","category-reisen","category-unkategorisiert"],"acf":[],"_links":{"self":[{"href":"https:\/\/select-luxury.travel\/en\/wp-json\/wp\/v2\/pages\/17985","targetHints":{"allow":["GET"]}}],"collection":[{"href":"https:\/\/select-luxury.travel\/en\/wp-json\/wp\/v2\/pages"}],"about":[{"href":"https:\/\/select-luxury.travel\/en\/wp-json\/wp\/v2\/types\/page"}],"author":[{"embeddable":true,"href":"https:\/\/select-luxury.travel\/en\/wp-json\/wp\/v2\/users\/4"}],"replies":[{"embeddable":true,"href":"https:\/\/select-luxury.travel\/en\/wp-json\/wp\/v2\/comments?post=17985"}],"version-history":[{"count":84,"href":"https:\/\/select-luxury.travel\/en\/wp-json\/wp\/v2\/pages\/17985\/revisions"}],"predecessor-version":[{"id":69465,"href":"https:\/\/select-luxury.travel\/en\/wp-json\/wp\/v2\/pages\/17985\/revisions\/69465"}],"up":[{"embeddable":true,"href":"https:\/\/select-luxury.travel\/en\/wp-json\/wp\/v2\/pages\/514"}],"wp:attachment":[{"href":"https:\/\/select-luxury.travel\/en\/wp-json\/wp\/v2\/media?parent=17985"}],"wp:term":[{"taxonomy":"category","embeddable":true,"href":"https:\/\/select-luxury.travel\/en\/wp-json\/wp\/v2\/categories?post=17985"},{"taxonomy":"post_tag","embeddable":true,"href":"https:\/\/select-luxury.travel\/en\/wp-json\/wp\/v2\/tags?post=17985"}],"curies":[{"name":"wp","href":"https:\/\/api.w.org\/{rel}","templated":true}]}}