{"id":17973,"date":"2021-03-03T13:02:33","date_gmt":"2021-03-03T12:02:33","guid":{"rendered":"https:\/\/select-luxury.travel\/?page_id=17973"},"modified":"2026-03-16T12:05:30","modified_gmt":"2026-03-16T11:05:30","slug":"5%e2%98%85-elounda-bay-palace-crete","status":"publish","type":"page","link":"https:\/\/select-luxury.travel\/en\/selections\/island-selections\/5%e2%98%85-elounda-bay-palace-crete","title":{"rendered":"5\u2605 Elounda Bay Palace Hotel Crete"},"content":{"rendered":"<p><span class=\"text-braun\">Luxury resort surrounded by beautiful gardens right by the sea on Mirabello Bay<\/span><\/p>\n<p>A Leading Hotel of the World in Crete, the Elounda Bay Palace, located in north-east Crete above Mirabello Bay and surrounded by eight hectares of beautifully landscaped gardens, is a paradise for water sports fans. The fully equipped activity centre offers sailing, water skiing, windsurfing, jet skiing and diving excursions. Those who prefer a more leisurely pace can head to one of the resort's private sandy beaches, relax by one of the swimming pools or dine al fresco at the Ariadne Tavern lunch restaurant. The \"Sail-In Bar\" invites you to enjoy the sparkling panorama under the open sky. Families will particularly appreciate the child-friendly activities and the swimming pool specially reserved for children, where young guests can let off steam to their heart's content. A special extra is the concierge service: an experienced team fulfils every wish, be it a babysitter, an appointment at the beauty salon or the provision of a helicopter or private jet.<\/p>","protected":false},"excerpt":{"rendered":"<p>Luxusresort inmitten herrlicher G\u00e4rten direkt am Meer an der Mirabello Bay Ein Leading Hotel of the World auf Kreta, das im Nordosten Kretas oberhalb der Mirabello-Bucht und inmitten von acht Hektar herrlich gestalteter G\u00e4rten gelegene Elounda Bay Palace ist ein Paradies f\u00fcr Wassersportfans. Im umfassend ausgestatteten Aktivit\u00e4ten-Center werden Segeln, Wasserski, Windsurfen, Jet-Ski und Tauchexkursionen angeboten. [&hellip;]<\/p>","protected":false},"author":4,"featured_media":0,"parent":3048,"menu_order":0,"comment_status":"closed","ping_status":"closed","template":"page-reise_detail5.php","meta":{"_acf_changed":false,"inline_featured_image":false,"footnotes":""},"categories":[12,8,2],"tags":[],"class_list":["post-17973","page","type-page","status-publish","hentry","category-island-selections","category-reisen","category-unkategorisiert"],"acf":[],"_links":{"self":[{"href":"https:\/\/select-luxury.travel\/en\/wp-json\/wp\/v2\/pages\/17973","targetHints":{"allow":["GET"]}}],"collection":[{"href":"https:\/\/select-luxury.travel\/en\/wp-json\/wp\/v2\/pages"}],"about":[{"href":"https:\/\/select-luxury.travel\/en\/wp-json\/wp\/v2\/types\/page"}],"author":[{"embeddable":true,"href":"https:\/\/select-luxury.travel\/en\/wp-json\/wp\/v2\/users\/4"}],"replies":[{"embeddable":true,"href":"https:\/\/select-luxury.travel\/en\/wp-json\/wp\/v2\/comments?post=17973"}],"version-history":[{"count":23,"href":"https:\/\/select-luxury.travel\/en\/wp-json\/wp\/v2\/pages\/17973\/revisions"}],"predecessor-version":[{"id":69514,"href":"https:\/\/select-luxury.travel\/en\/wp-json\/wp\/v2\/pages\/17973\/revisions\/69514"}],"up":[{"embeddable":true,"href":"https:\/\/select-luxury.travel\/en\/wp-json\/wp\/v2\/pages\/3048"}],"wp:attachment":[{"href":"https:\/\/select-luxury.travel\/en\/wp-json\/wp\/v2\/media?parent=17973"}],"wp:term":[{"taxonomy":"category","embeddable":true,"href":"https:\/\/select-luxury.travel\/en\/wp-json\/wp\/v2\/categories?post=17973"},{"taxonomy":"post_tag","embeddable":true,"href":"https:\/\/select-luxury.travel\/en\/wp-json\/wp\/v2\/tags?post=17973"}],"curies":[{"name":"wp","href":"https:\/\/api.w.org\/{rel}","templated":true}]}}