{"id":17880,"date":"2021-03-02T14:41:44","date_gmt":"2021-03-02T13:41:44","guid":{"rendered":"https:\/\/select-luxury.travel\/?page_id=17880"},"modified":"2026-03-16T12:07:08","modified_gmt":"2026-03-16T11:07:08","slug":"5%e2%98%85-elounda-gulf-villas-crete","status":"publish","type":"page","link":"https:\/\/select-luxury.travel\/en\/selections\/island-selections\/5%e2%98%85-elounda-gulf-villas-kreta","title":{"rendered":"5\u2605 Elounda Gulf Villas Crete"},"content":{"rendered":"<p><span class=\"text-braun\">Elounda luxury villas on Crete - the perfect combination of the absolute privacy of your own villa and the pampering programme of a luxury hotel<\/span><\/p>\n<p>The perfect combination of absolute privacy in your own villa and the pampering programme of a first-class luxury hotel - welcome to the Elounda Gulf Villas! The award-winning Elounda Gulf Villas boast a stunning location overlooking the dazzling Gulf of Mirabello. Discover this luxurious haven of tranquillity that combines the excellent services of a world-class hotel with the welcoming, homely ambience of a private home. The elegant boutique villa hotel is a family-run business that offers individual holiday experiences in 15 elegant suites and 18 pool villas - tranquillity and timeless elegance included. Thanks to revitalising wellness landscapes, culinary delights from the Mediterranean cuisine and exciting activities for all ages, a holiday at the Elounda Gulf Villas is the epitome of a lively Mediterranean lifestyle. Here, luxury meets the hospitality of the locals that is typical of Crete.<\/p>","protected":false},"excerpt":{"rendered":"<p>Elounda Luxusvillen auf Kreta &#8211; die perfekte Kombination aus absoluter Privatsph\u00e4re einer eigenen Villa und dem Verw\u00f6hnprogramm eines Luxushotels Die perfekte Kombination aus absoluter Privatsph\u00e4re in einer eigenen Villa und dem Verw\u00f6hnprogramm eines erstklassigen Luxushotels \u2013 willkommen in den Elounda Gulf Villas! Die preisgekr\u00f6nten Elounda Gulf Villas bestechen mit ihrer traumhaften Lage \u00fcber dem schillernden [&hellip;]<\/p>\n","protected":false},"author":4,"featured_media":0,"parent":3048,"menu_order":0,"comment_status":"closed","ping_status":"closed","template":"page-reise_detail5.php","meta":{"_acf_changed":false,"inline_featured_image":false,"footnotes":""},"categories":[12,8,2],"tags":[],"class_list":["post-17880","page","type-page","status-publish","hentry","category-island-selections","category-reisen","category-unkategorisiert"],"acf":[],"_links":{"self":[{"href":"https:\/\/select-luxury.travel\/en\/wp-json\/wp\/v2\/pages\/17880","targetHints":{"allow":["GET"]}}],"collection":[{"href":"https:\/\/select-luxury.travel\/en\/wp-json\/wp\/v2\/pages"}],"about":[{"href":"https:\/\/select-luxury.travel\/en\/wp-json\/wp\/v2\/types\/page"}],"author":[{"embeddable":true,"href":"https:\/\/select-luxury.travel\/en\/wp-json\/wp\/v2\/users\/4"}],"replies":[{"embeddable":true,"href":"https:\/\/select-luxury.travel\/en\/wp-json\/wp\/v2\/comments?post=17880"}],"version-history":[{"count":34,"href":"https:\/\/select-luxury.travel\/en\/wp-json\/wp\/v2\/pages\/17880\/revisions"}],"predecessor-version":[{"id":69515,"href":"https:\/\/select-luxury.travel\/en\/wp-json\/wp\/v2\/pages\/17880\/revisions\/69515"}],"up":[{"embeddable":true,"href":"https:\/\/select-luxury.travel\/en\/wp-json\/wp\/v2\/pages\/3048"}],"wp:attachment":[{"href":"https:\/\/select-luxury.travel\/en\/wp-json\/wp\/v2\/media?parent=17880"}],"wp:term":[{"taxonomy":"category","embeddable":true,"href":"https:\/\/select-luxury.travel\/en\/wp-json\/wp\/v2\/categories?post=17880"},{"taxonomy":"post_tag","embeddable":true,"href":"https:\/\/select-luxury.travel\/en\/wp-json\/wp\/v2\/tags?post=17880"}],"curies":[{"name":"wp","href":"https:\/\/api.w.org\/{rel}","templated":true}]}}