{"id":17726,"date":"2021-02-25T17:52:04","date_gmt":"2021-02-25T16:52:04","guid":{"rendered":"https:\/\/select-luxury.travel\/?page_id=17726"},"modified":"2026-03-16T12:08:30","modified_gmt":"2026-03-16T11:08:30","slug":"5%e2%98%85elounda-beach-hotel-villas-crete","status":"publish","type":"page","link":"https:\/\/select-luxury.travel\/en\/selections\/island-selections\/5%e2%98%85elounda-beach-hotel-villas-kreta","title":{"rendered":"5\u2605 Elounda Beach Hotel &amp; Villas Crete"},"content":{"rendered":"<p><span class=\"text-braun\">Exclusive luxury resort right by the sea on Mirabello Bay<\/span><\/p>\n<p>The legendary, exclusive 5-star resort Elounda Beach Hotel &amp; Villas is located on the north-east coast of Crete and offers breathtaking views over the beautiful Mirabello Bay. The Elounda Beach Hotel has been welcoming guests to this exceptionally beautiful spot on the Greek island of Crete since 1971. Enjoy the chic luxury hotel resort right on the beach, in a prime location and at eye level - i.e. at absolute sea level - on the turquoise-blue Mediterranean. Crete is and always has been the epitome of holidays in Greece, offering nature, culture and outstanding cuisine, the perfect mix and Greek charm at its best. Pamper your mind, body and soul in the award-winning Espace Vitalit\u00e9 Chenot Spa, enjoy the top restaurants with Greek and international cuisine and the outstanding service.<\/p>","protected":false},"excerpt":{"rendered":"<p>Exklusives Luxus-Resort direkt am Meer an der Mirabello Bay Das legend\u00e4re, exklusive 5-Sterne Resort Elounda Beach Hotel &#038; Villas liegt an der Nordostk\u00fcste von Kreta und bietet eine atemberaubende Aussicht \u00fcber die wundersch\u00f6ne Mirabello Bay. Schon seit 1971 empf\u00e4ngt das Elounda Beach Hotel seine G\u00e4ste an diesem au\u00dfergew\u00f6hnlich sch\u00f6nen Platz auf der griechischen Insel Kreta. [&hellip;]<\/p>\n","protected":false},"author":4,"featured_media":0,"parent":3048,"menu_order":0,"comment_status":"closed","ping_status":"closed","template":"page-reise_detail5.php","meta":{"_acf_changed":false,"inline_featured_image":false,"footnotes":""},"categories":[12,8,2],"tags":[],"class_list":["post-17726","page","type-page","status-publish","hentry","category-island-selections","category-reisen","category-unkategorisiert"],"acf":[],"_links":{"self":[{"href":"https:\/\/select-luxury.travel\/en\/wp-json\/wp\/v2\/pages\/17726","targetHints":{"allow":["GET"]}}],"collection":[{"href":"https:\/\/select-luxury.travel\/en\/wp-json\/wp\/v2\/pages"}],"about":[{"href":"https:\/\/select-luxury.travel\/en\/wp-json\/wp\/v2\/types\/page"}],"author":[{"embeddable":true,"href":"https:\/\/select-luxury.travel\/en\/wp-json\/wp\/v2\/users\/4"}],"replies":[{"embeddable":true,"href":"https:\/\/select-luxury.travel\/en\/wp-json\/wp\/v2\/comments?post=17726"}],"version-history":[{"count":36,"href":"https:\/\/select-luxury.travel\/en\/wp-json\/wp\/v2\/pages\/17726\/revisions"}],"predecessor-version":[{"id":69516,"href":"https:\/\/select-luxury.travel\/en\/wp-json\/wp\/v2\/pages\/17726\/revisions\/69516"}],"up":[{"embeddable":true,"href":"https:\/\/select-luxury.travel\/en\/wp-json\/wp\/v2\/pages\/3048"}],"wp:attachment":[{"href":"https:\/\/select-luxury.travel\/en\/wp-json\/wp\/v2\/media?parent=17726"}],"wp:term":[{"taxonomy":"category","embeddable":true,"href":"https:\/\/select-luxury.travel\/en\/wp-json\/wp\/v2\/categories?post=17726"},{"taxonomy":"post_tag","embeddable":true,"href":"https:\/\/select-luxury.travel\/en\/wp-json\/wp\/v2\/tags?post=17726"}],"curies":[{"name":"wp","href":"https:\/\/api.w.org\/{rel}","templated":true}]}}