{"id":17479,"date":"2021-02-24T11:21:40","date_gmt":"2021-02-24T10:21:40","guid":{"rendered":"https:\/\/select-luxury.travel\/?page_id=17479"},"modified":"2024-07-23T10:20:55","modified_gmt":"2024-07-23T08:20:55","slug":"5%e2%98%85-patina-maldives-fari-islands","status":"publish","type":"page","link":"https:\/\/select-luxury.travel\/en\/selections\/island-selections\/5%e2%98%85-patina-maldives-fari-islands","title":{"rendered":"5\u2605 Patina Maldives, Fari Islands"},"content":{"rendered":"<p><span class=\"text-braun\">New dream resort: an island of pure beauty and unexpected dimensionality<\/span><\/p>\n<p>The new 5-star luxury resort Patina Maldives, Fari Islands awaits you on the beautiful Fari Island in the northern Maldives. Patina is the new lifestyle hotel brand of the renowned luxury hotel group Capella and is opening its first luxury resort here in the Maldives. Set in the stunning landscape of the Maldives, Patina Maldives, Fari Islands brings together unexpected, sophisticated and fresh experiences that reflect the diversity of the Maldives and values its culture and community. Patina Maldives is as personalised as the guests are and want it to be. Patina appeals to a new generation of travellers looking to connect with themselves and the world around them. This new resort puts the individual needs of its guests at the forefront, so there is no pre-determined daily routine, each guest is free to organise their day as they wish and have the choice between privacy, seclusion or entertainment, as in \"Fari Marina\".<\/p>","protected":false},"excerpt":{"rendered":"<p>Neues Traumresort: Insel von reiner Sch\u00f6nheit und unerwarteter Dimensionalit\u00e4t In den n\u00f6rdlichen Malediven, auf der traumhaft sch\u00f6nen Insel Fari Island erwartet Sie das neue 5-Sterne-Luxusresort Patina Maldives, Fari Islands. Patina ist die neue Lifestyle-Hotelmarke der renommierten Luxushotelgruppe Capella und er\u00f6ffnet hier auf den Malediven das erste Luxusresort. Gelegen in der atemberaubenden Landschaft der Malediven bringt [&hellip;]<\/p>","protected":false},"author":4,"featured_media":0,"parent":3048,"menu_order":0,"comment_status":"closed","ping_status":"closed","template":"page-reise_detail5.php","meta":{"_acf_changed":false,"inline_featured_image":false,"footnotes":""},"categories":[12,8,2],"tags":[],"class_list":["post-17479","page","type-page","status-publish","hentry","category-island-selections","category-reisen","category-unkategorisiert"],"acf":[],"_links":{"self":[{"href":"https:\/\/select-luxury.travel\/en\/wp-json\/wp\/v2\/pages\/17479","targetHints":{"allow":["GET"]}}],"collection":[{"href":"https:\/\/select-luxury.travel\/en\/wp-json\/wp\/v2\/pages"}],"about":[{"href":"https:\/\/select-luxury.travel\/en\/wp-json\/wp\/v2\/types\/page"}],"author":[{"embeddable":true,"href":"https:\/\/select-luxury.travel\/en\/wp-json\/wp\/v2\/users\/4"}],"replies":[{"embeddable":true,"href":"https:\/\/select-luxury.travel\/en\/wp-json\/wp\/v2\/comments?post=17479"}],"version-history":[{"count":30,"href":"https:\/\/select-luxury.travel\/en\/wp-json\/wp\/v2\/pages\/17479\/revisions"}],"predecessor-version":[{"id":43000,"href":"https:\/\/select-luxury.travel\/en\/wp-json\/wp\/v2\/pages\/17479\/revisions\/43000"}],"up":[{"embeddable":true,"href":"https:\/\/select-luxury.travel\/en\/wp-json\/wp\/v2\/pages\/3048"}],"wp:attachment":[{"href":"https:\/\/select-luxury.travel\/en\/wp-json\/wp\/v2\/media?parent=17479"}],"wp:term":[{"taxonomy":"category","embeddable":true,"href":"https:\/\/select-luxury.travel\/en\/wp-json\/wp\/v2\/categories?post=17479"},{"taxonomy":"post_tag","embeddable":true,"href":"https:\/\/select-luxury.travel\/en\/wp-json\/wp\/v2\/tags?post=17479"}],"curies":[{"name":"wp","href":"https:\/\/api.w.org\/{rel}","templated":true}]}}