{"id":1738,"date":"2018-05-14T11:49:15","date_gmt":"2018-05-14T09:49:15","guid":{"rendered":"https:\/\/select-luxury.travel\/?page_id=1738"},"modified":"2024-07-23T10:43:51","modified_gmt":"2024-07-23T08:43:51","slug":"six-senses-zil-pasyon-felicite-seychelles","status":"publish","type":"page","link":"https:\/\/select-luxury.travel\/en\/selections\/island-selections\/six-senses-zil-pasyon-felicite-seychellen","title":{"rendered":"5\u2605 Six Senses Zil Pasyon, <br \/>F\u00e9licit\u00e9, Seychelles"},"content":{"rendered":"<p><span class=\"text-braun\">Stylish island living with maximum privacy<\/span><\/p>\n<p>Your hammock sways gently in the warm wind. From here, in the protective shade of lush green vegetation and towering granite rocks, your gaze wanders over the snow-white beach to the horizon, where sky and ocean merge. You stand up and walk a few steps in the powdery sand until you dive into the pleasantly soothing waters of the Indian Ocean - only to swim side by side with sea turtles shortly afterwards. The paradisiacal Seychelles spoil honeymooners, couples and families alike with an endless summer feeling and the pure lightness of being. <\/p>\n<p>Six Senses Hotels Resorts &amp; Spas currently form a group of 14 resorts worldwide. Always with the aim of establishing its hideaways in remote locations surrounded by unique natural beauty. The \"Zil Pasyon\" is perhaps their masterpiece to date. <\/p>\n<p>Spectacular granite rocks, diverse and pristine vegetation - the green granite island of F\u00e9licit\u00e9 is an ecological jewel. The Six Senses Zil Pasyon luxury resort is hidden here amidst greenery and granite and sets new standards with unique pool villas integrated into the rocks, a distinctive rock spa and unspoilt beaches that invite you to dream. Private sundowners over the resort or open-air cinema between spectacular granite rocks are just some of the highlights at Six Senses Zil Pasyon.<\/p>","protected":false},"excerpt":{"rendered":"<p>Stilvolles Inselleben mit einem H\u00f6chstma\u00df an Privatsph\u00e4re Ihre H\u00e4ngematte wiegt sanft im warmen Wind. Von hier, im sch\u00fctzenden Schatten sattgr\u00fcner Vegetation und haushoher Granitfelsen, wandert Ihr Blick \u00fcber den schneewei\u00dfen Strand bis zum Horizont, wo Himmel und Ozean verschmelzen. Sie stehen auf und gehen ein paar Schritte im Pudersand, bis sie in das angenehm wohltuende [&hellip;]<\/p>\n","protected":false},"author":3,"featured_media":0,"parent":3048,"menu_order":40,"comment_status":"closed","ping_status":"closed","template":"page-reise_detail3.php","meta":{"_acf_changed":false,"inline_featured_image":false,"footnotes":""},"categories":[12,8],"tags":[],"class_list":["post-1738","page","type-page","status-publish","hentry","category-island-selections","category-reisen"],"acf":[],"_links":{"self":[{"href":"https:\/\/select-luxury.travel\/en\/wp-json\/wp\/v2\/pages\/1738","targetHints":{"allow":["GET"]}}],"collection":[{"href":"https:\/\/select-luxury.travel\/en\/wp-json\/wp\/v2\/pages"}],"about":[{"href":"https:\/\/select-luxury.travel\/en\/wp-json\/wp\/v2\/types\/page"}],"author":[{"embeddable":true,"href":"https:\/\/select-luxury.travel\/en\/wp-json\/wp\/v2\/users\/3"}],"replies":[{"embeddable":true,"href":"https:\/\/select-luxury.travel\/en\/wp-json\/wp\/v2\/comments?post=1738"}],"version-history":[{"count":26,"href":"https:\/\/select-luxury.travel\/en\/wp-json\/wp\/v2\/pages\/1738\/revisions"}],"predecessor-version":[{"id":43028,"href":"https:\/\/select-luxury.travel\/en\/wp-json\/wp\/v2\/pages\/1738\/revisions\/43028"}],"up":[{"embeddable":true,"href":"https:\/\/select-luxury.travel\/en\/wp-json\/wp\/v2\/pages\/3048"}],"wp:attachment":[{"href":"https:\/\/select-luxury.travel\/en\/wp-json\/wp\/v2\/media?parent=1738"}],"wp:term":[{"taxonomy":"category","embeddable":true,"href":"https:\/\/select-luxury.travel\/en\/wp-json\/wp\/v2\/categories?post=1738"},{"taxonomy":"post_tag","embeddable":true,"href":"https:\/\/select-luxury.travel\/en\/wp-json\/wp\/v2\/tags?post=1738"}],"curies":[{"name":"wp","href":"https:\/\/api.w.org\/{rel}","templated":true}]}}