{"id":1691,"date":"2018-05-04T14:18:02","date_gmt":"2018-05-04T12:18:02","guid":{"rendered":"https:\/\/select-luxury.travel\/?page_id=1691"},"modified":"2025-11-24T12:57:05","modified_gmt":"2025-11-24T11:57:05","slug":"niyama-private-islands-maldives","status":"publish","type":"page","link":"https:\/\/select-luxury.travel\/en\/selections\/island-selections\/niyama-private-islands-maldives","title":{"rendered":"5\u2605 Niyama Private Islands Maldives"},"content":{"rendered":"<p><span class=\"text-braun\">Pure relaxation on two dream islands in the Maldives<\/span><\/p>\n<p>Your tracks are gently etched into the white sand. Step by step. Hand in hand, you walk for miles with your favourite person. Next to you, the sea washes its waves onto the beach. Warm rays of sunshine kiss your skin, disappearing only slowly to bathe the sky in romantic shades of red, orange and pink before the moon appears in the sky behind you. No one is around. You slowly wade into the bathtub-warm water. Still holding your partner's hands, you look deep into his eyes. You can hardly believe that you are experiencing these moments. These are moments of a dream holiday in a paradise that you could not have dreamed of more beautifully. This wonderful luxury holiday can come true - on the twin islands of Niyama.<\/p>","protected":false},"excerpt":{"rendered":"<p>Pure Entspannung auf zwei Trauminseln der Malediven Sanft zeichnen sich Ihre Spuren in den wei\u00dfen Sand. Schritt f\u00fcr Schritt. Hand in Hand spazieren Sie kilometerweit mit Ihrem Lieblingsmenschen. Neben Ihnen sp\u00fclt das Meer seine Wellen an den Strand. Warme Sonnenstrahlen k\u00fcssen Ihre Haut, verschwinden nur langsam, um den Himmel in romantische Rot-, Orange- und Pinkt\u00f6ne [&hellip;]<\/p>\n","protected":false},"author":3,"featured_media":0,"parent":3048,"menu_order":31,"comment_status":"closed","ping_status":"closed","template":"page-reise_detail3.php","meta":{"_acf_changed":false,"inline_featured_image":false,"footnotes":""},"categories":[12,8],"tags":[],"class_list":["post-1691","page","type-page","status-publish","hentry","category-island-selections","category-reisen"],"acf":[],"_links":{"self":[{"href":"https:\/\/select-luxury.travel\/en\/wp-json\/wp\/v2\/pages\/1691","targetHints":{"allow":["GET"]}}],"collection":[{"href":"https:\/\/select-luxury.travel\/en\/wp-json\/wp\/v2\/pages"}],"about":[{"href":"https:\/\/select-luxury.travel\/en\/wp-json\/wp\/v2\/types\/page"}],"author":[{"embeddable":true,"href":"https:\/\/select-luxury.travel\/en\/wp-json\/wp\/v2\/users\/3"}],"replies":[{"embeddable":true,"href":"https:\/\/select-luxury.travel\/en\/wp-json\/wp\/v2\/comments?post=1691"}],"version-history":[{"count":37,"href":"https:\/\/select-luxury.travel\/en\/wp-json\/wp\/v2\/pages\/1691\/revisions"}],"predecessor-version":[{"id":67823,"href":"https:\/\/select-luxury.travel\/en\/wp-json\/wp\/v2\/pages\/1691\/revisions\/67823"}],"up":[{"embeddable":true,"href":"https:\/\/select-luxury.travel\/en\/wp-json\/wp\/v2\/pages\/3048"}],"wp:attachment":[{"href":"https:\/\/select-luxury.travel\/en\/wp-json\/wp\/v2\/media?parent=1691"}],"wp:term":[{"taxonomy":"category","embeddable":true,"href":"https:\/\/select-luxury.travel\/en\/wp-json\/wp\/v2\/categories?post=1691"},{"taxonomy":"post_tag","embeddable":true,"href":"https:\/\/select-luxury.travel\/en\/wp-json\/wp\/v2\/tags?post=1691"}],"curies":[{"name":"wp","href":"https:\/\/api.w.org\/{rel}","templated":true}]}}