{"id":16726,"date":"2021-02-10T18:44:54","date_gmt":"2021-02-10T17:44:54","guid":{"rendered":"https:\/\/select-luxury.travel\/?page_id=16726"},"modified":"2024-07-23T10:21:25","modified_gmt":"2024-07-23T08:21:25","slug":"5%e2%98%85-kanuhura-a-sun-resort-maldives","status":"publish","type":"page","link":"https:\/\/select-luxury.travel\/en\/selections\/island-selections\/5%e2%98%85-kanuhura-a-sun-resort-maldives","title":{"rendered":"5\u2605 Six Senses Kanuhura"},"content":{"rendered":"<p><span class=\"text-braun\">A barefoot luxury resort in the Maldives<\/span><\/p>\n<p>Nestled in the paradisiacal Lhaviyani Atoll, Six Senses Kanuhura is located on a private island 150 kilometres north of Mal\u00e9. Famous for its breathtaking beaches, which are among the most beautiful in the Maldives, this resort offers an unforgettable experience surrounded by unspoilt nature. Look forward to 91 spacious villas available in different categories: Beach Villas, Family Villas and Water Pool Villas. 12 new beachfront retreats guarantee the ultimate in exclusivity. Whether situated on the shore or built on stilts above the turquoise lagoon, all villas are characterised by their elegant yet charming style. Immerse yourself in the underwater world of the lagoon, where a lively reef and diverse marine life, including the resident turtles, await you.<\/p>\n<p>&nbsp;<\/p>","protected":false},"excerpt":{"rendered":"<p>Ein barf\u00fc\u00dfiges Luxus-Resort auf den Malediven Eingebettet in das paradiesische Lhaviyani-Atoll liegt das Six Senses Kanuhura auf einer privaten Insel, 150 km n\u00f6rdlich von Mal\u00e9. Ber\u00fchmt f\u00fcr seine atemberaubenden Str\u00e4nde, die zu den sch\u00f6nsten der Malediven z\u00e4hlen, bietet dieses Resort ein unvergessliches Erlebnis inmitten unber\u00fchrter Natur. Freuen Sie sich auf 91 ger\u00e4umige Villen, die in [&hellip;]<\/p>\n","protected":false},"author":4,"featured_media":0,"parent":3048,"menu_order":0,"comment_status":"closed","ping_status":"closed","template":"page-reise_detail5.php","meta":{"_acf_changed":false,"inline_featured_image":false,"footnotes":""},"categories":[12,8,2],"tags":[],"class_list":["post-16726","page","type-page","status-publish","hentry","category-island-selections","category-reisen","category-unkategorisiert"],"acf":[],"_links":{"self":[{"href":"https:\/\/select-luxury.travel\/en\/wp-json\/wp\/v2\/pages\/16726","targetHints":{"allow":["GET"]}}],"collection":[{"href":"https:\/\/select-luxury.travel\/en\/wp-json\/wp\/v2\/pages"}],"about":[{"href":"https:\/\/select-luxury.travel\/en\/wp-json\/wp\/v2\/types\/page"}],"author":[{"embeddable":true,"href":"https:\/\/select-luxury.travel\/en\/wp-json\/wp\/v2\/users\/4"}],"replies":[{"embeddable":true,"href":"https:\/\/select-luxury.travel\/en\/wp-json\/wp\/v2\/comments?post=16726"}],"version-history":[{"count":53,"href":"https:\/\/select-luxury.travel\/en\/wp-json\/wp\/v2\/pages\/16726\/revisions"}],"predecessor-version":[{"id":43002,"href":"https:\/\/select-luxury.travel\/en\/wp-json\/wp\/v2\/pages\/16726\/revisions\/43002"}],"up":[{"embeddable":true,"href":"https:\/\/select-luxury.travel\/en\/wp-json\/wp\/v2\/pages\/3048"}],"wp:attachment":[{"href":"https:\/\/select-luxury.travel\/en\/wp-json\/wp\/v2\/media?parent=16726"}],"wp:term":[{"taxonomy":"category","embeddable":true,"href":"https:\/\/select-luxury.travel\/en\/wp-json\/wp\/v2\/categories?post=16726"},{"taxonomy":"post_tag","embeddable":true,"href":"https:\/\/select-luxury.travel\/en\/wp-json\/wp\/v2\/tags?post=16726"}],"curies":[{"name":"wp","href":"https:\/\/api.w.org\/{rel}","templated":true}]}}