{"id":16593,"date":"2021-01-21T20:06:52","date_gmt":"2021-01-21T19:06:52","guid":{"rendered":"https:\/\/select-luxury.travel\/?page_id=16593"},"modified":"2024-07-12T13:21:18","modified_gmt":"2024-07-12T11:21:18","slug":"5%e2%98%85-constance-lemuria-resort-praslin-seychelles","status":"publish","type":"page","link":"https:\/\/select-luxury.travel\/en\/selections\/island-selections\/5%e2%98%85-constance-lemuria-resort-praslin-seychellen","title":{"rendered":"5\u2605 Constance Lemuria Resort, Praslin, Seychelles"},"content":{"rendered":"<p><span class=\"text-braun\">Dream holiday in an exclusive luxury hotel surrounded by nature on Praslin<\/span><\/p>\n<p>The luxurious 5* Constance Lemuria Resort with its 3 dream beaches and 18-hole championship golf course is unique in the Seychelles and belongs to the renowned group of exclusive Leading Hotels of the World. Opened in December 1999, the luxury hotel on the charming Seychelles island of Praslin was completely and extensively renovated and reopened in November 2016. Built with a modern approach to design and quality, the Constance Lemuria fulfils the expectations of guests who enjoy pure luxury and a preserved natural environment.<\/p>\n<p>The Constance Lemuria Resort is in a secluded and idyllic location on the north-west coast of Praslin Island. The central main building is nestled in the hills, surrounded by dense tropical vegetation and overlooks the beaches of Anse Kerlan with magnificent palm trees and gentle waves on the dream beach with typical granite rocks at its edge. Enjoy elegant, spacious suites and villas or relax in swimming pools that seem to have been created by nature. Indulge in fine dining and customised spa treatments at Constance Lemuria. Trained coordinators at the Constance Kids Club will lead your children on wonderful island exploration tours, culinary activities, scavenger hunts and more. For true adventure and wonderful memories, explore the world-famous snorkelling and diving sites of Praslin Island, Seychelles!<\/p>","protected":false},"excerpt":{"rendered":"<p>Traumurlaub im exklusiven Luxushotel inmitten der Natur auf Praslin Das luxuri\u00f6se 5* Constance Lemuria Resort mit seinen 3 Traumstr\u00e4nden und mit seinem 18-Loch-Meisterschaftsgolfplatz ist einzigartig auf den Seychellen und geh\u00f6rt zur renommierten Gruppe der exklusiven Leading Hotels of the World. Das im Dezember 1999 er\u00f6ffnete Luxushotel auf der charmanten Seychellen Insel Praslin wurde komplett und [&hellip;]<\/p>\n","protected":false},"author":4,"featured_media":0,"parent":3048,"menu_order":0,"comment_status":"closed","ping_status":"closed","template":"page-reise_detail5.php","meta":{"_acf_changed":false,"inline_featured_image":false,"footnotes":""},"categories":[12,8,2],"tags":[],"class_list":["post-16593","page","type-page","status-publish","hentry","category-island-selections","category-reisen","category-unkategorisiert"],"acf":[],"_links":{"self":[{"href":"https:\/\/select-luxury.travel\/en\/wp-json\/wp\/v2\/pages\/16593","targetHints":{"allow":["GET"]}}],"collection":[{"href":"https:\/\/select-luxury.travel\/en\/wp-json\/wp\/v2\/pages"}],"about":[{"href":"https:\/\/select-luxury.travel\/en\/wp-json\/wp\/v2\/types\/page"}],"author":[{"embeddable":true,"href":"https:\/\/select-luxury.travel\/en\/wp-json\/wp\/v2\/users\/4"}],"replies":[{"embeddable":true,"href":"https:\/\/select-luxury.travel\/en\/wp-json\/wp\/v2\/comments?post=16593"}],"version-history":[{"count":26,"href":"https:\/\/select-luxury.travel\/en\/wp-json\/wp\/v2\/pages\/16593\/revisions"}],"predecessor-version":[{"id":42939,"href":"https:\/\/select-luxury.travel\/en\/wp-json\/wp\/v2\/pages\/16593\/revisions\/42939"}],"up":[{"embeddable":true,"href":"https:\/\/select-luxury.travel\/en\/wp-json\/wp\/v2\/pages\/3048"}],"wp:attachment":[{"href":"https:\/\/select-luxury.travel\/en\/wp-json\/wp\/v2\/media?parent=16593"}],"wp:term":[{"taxonomy":"category","embeddable":true,"href":"https:\/\/select-luxury.travel\/en\/wp-json\/wp\/v2\/categories?post=16593"},{"taxonomy":"post_tag","embeddable":true,"href":"https:\/\/select-luxury.travel\/en\/wp-json\/wp\/v2\/tags?post=16593"}],"curies":[{"name":"wp","href":"https:\/\/api.w.org\/{rel}","templated":true}]}}