{"id":16229,"date":"2021-01-08T11:58:33","date_gmt":"2021-01-08T10:58:33","guid":{"rendered":"https:\/\/select-luxury.travel\/?page_id=16229"},"modified":"2024-07-12T13:23:14","modified_gmt":"2024-07-12T11:23:14","slug":"four-seasons-resort-desroches-island-seychelles","status":"publish","type":"page","link":"https:\/\/select-luxury.travel\/en\/selections\/island-selections\/four-seasons-resort-desroches-island-seychelles","title":{"rendered":"5\u2605 Four Seasons Resort Desroches Island, Seychelles"},"content":{"rendered":"<p><span class=\"text-braun\">Private island paradise on an unspoilt coral island for a real Robinson feeling<\/span><\/p>\n<p>Turquoise blue water, endless sandy beaches and 5\u2605 luxury make the remote, flat coral island of Desroches Island an absolute holiday paradise with a Robinson feeling. The rich fauna and flora of this private island in the middle of the vast Indian Ocean offer pure exoticism and a barefoot luxury feeling with the best service. There is only one hotel on the long, narrow, striking coral island of Desroches Island, the Four Seasons Resort Seychelles at Desroches Island. The luxury resort belongs to the renowned Four Seasons hotel brand and was only recently opened as a member of the prestigious hotel group after being completely remodelled and renovated. On Desroches Island, there is nothing to distract you from the tranquillity except the sound of birdsong and a sea breeze that invites you to relax completely. 14 kilometres of dream beach are yours, as is a fantastic forest of coconut palms. Only 10 luxury suites and 61 luxury rooms are available at the Four Seasons Resort Desroches Island Seychelles. All are tastefully furnished in a contemporary ethnic design and combine luxury with a feel-good atmosphere. Experience this unique coral island with Robinson Crusoe charm and savour the exquisite Creole cuisine.  <\/p>","protected":false},"excerpt":{"rendered":"<p>Privates Inselparadieses auf unber\u00fchrter Koralleninsel f\u00fcr echtes Robinson-Feeling T\u00fcrkisblaues Wasser, endlose Sandstr\u00e4nde und 5\u2605-Luxus machen die entlegene flache Koralleninsel Desroches Island zu einem absoluten Urlaubsparadies mit Robinson-Feeling. Die reiche Fauna und Flora dieser Privatinsel inmitten der Weiten im Indischen Ozean, bieten pure Exotik und ein Barfu\u00df-Luxuy-Gef\u00fchl bei bestem Service. Denn hier gibt es nur ein [&hellip;]<\/p>","protected":false},"author":4,"featured_media":0,"parent":3048,"menu_order":0,"comment_status":"closed","ping_status":"closed","template":"page-reise_detail.php","meta":{"_acf_changed":false,"inline_featured_image":false,"footnotes":""},"categories":[12,8,2],"tags":[],"class_list":["post-16229","page","type-page","status-publish","hentry","category-island-selections","category-reisen","category-unkategorisiert"],"acf":[],"_links":{"self":[{"href":"https:\/\/select-luxury.travel\/en\/wp-json\/wp\/v2\/pages\/16229","targetHints":{"allow":["GET"]}}],"collection":[{"href":"https:\/\/select-luxury.travel\/en\/wp-json\/wp\/v2\/pages"}],"about":[{"href":"https:\/\/select-luxury.travel\/en\/wp-json\/wp\/v2\/types\/page"}],"author":[{"embeddable":true,"href":"https:\/\/select-luxury.travel\/en\/wp-json\/wp\/v2\/users\/4"}],"replies":[{"embeddable":true,"href":"https:\/\/select-luxury.travel\/en\/wp-json\/wp\/v2\/comments?post=16229"}],"version-history":[{"count":53,"href":"https:\/\/select-luxury.travel\/en\/wp-json\/wp\/v2\/pages\/16229\/revisions"}],"predecessor-version":[{"id":42942,"href":"https:\/\/select-luxury.travel\/en\/wp-json\/wp\/v2\/pages\/16229\/revisions\/42942"}],"up":[{"embeddable":true,"href":"https:\/\/select-luxury.travel\/en\/wp-json\/wp\/v2\/pages\/3048"}],"wp:attachment":[{"href":"https:\/\/select-luxury.travel\/en\/wp-json\/wp\/v2\/media?parent=16229"}],"wp:term":[{"taxonomy":"category","embeddable":true,"href":"https:\/\/select-luxury.travel\/en\/wp-json\/wp\/v2\/categories?post=16229"},{"taxonomy":"post_tag","embeddable":true,"href":"https:\/\/select-luxury.travel\/en\/wp-json\/wp\/v2\/tags?post=16229"}],"curies":[{"name":"wp","href":"https:\/\/api.w.org\/{rel}","templated":true}]}}