{"id":15896,"date":"2020-11-05T16:07:17","date_gmt":"2020-11-05T15:07:17","guid":{"rendered":"https:\/\/select-luxury.travel\/?page_id=15896"},"modified":"2023-01-12T18:26:03","modified_gmt":"2023-01-12T17:26:03","slug":"south-sea-tahiti-tuamotu-islands-tikehau","status":"publish","type":"page","link":"https:\/\/select-luxury.travel\/en\/selections\/island-selections\/south-sea-tahiti-tuamotu-islands-tikehau","title":{"rendered":"South Seas - Tahiti, Tuamotu Islands, Tikehau"},"content":{"rendered":"<p><span class=\"text-braun\">Heaven on earth: South Seas authenticity with pink sandy beaches and a spectacular lagoon<\/span><\/p>\n<p>This is real Barefoot Luxury! Have you always wanted to feel and experience the real Robinson feeling at least once in your life? Being on some of the most beautiful white and pink sandy beaches in the entire South Seas, getting to know an intact protected lagoon with a species-rich underwater world and observing numerous exotic bird breeding colonies on the motu - Tikehau is the epitome of the real South Seas. The small, unspoilt island of Tikehau in the Tuamotu group surprises and impresses because it is so authentic and genuine, so beautiful and incredible in terms of the simplicity of life and the colours of the South Seas: white and pink sandy beaches, in front of lush green, curved coconut palms, in front of turquoise crystal-clear water above which the azure blue sky rises, in which quiet Ariel frigate birds and R\u00fcppell's terns, red-footed boobies fly and are easy to observe, a light sea breeze provides refreshment, the lapping of the water, the gentle calls of the birds caress the ears .... I'm in paradise A stay on the exotic dream island of Tikehau in the South Seas can be perfectly combined with the other classic islands of Tahiti, such as Moorea, Bora Bora, Raiatea and co. In the middle of the Pacific, the islands of Tahiti are a legendary holiday destination. The word \"Tahiti\" alone conjures up images of an idyllic island paradise and during your visit you will realise that the reality is very close. Remote, tropical and lush green, this island universe is where dream meets reality.<\/p>","protected":false},"excerpt":{"rendered":"<p>Der Himmel auf Erden: S\u00fcdsee-Authentisch mit rosafarbenen Sandstr\u00e4nden und spektakul\u00e4rer Lagune Das ist echtes Barefoot Luxury! Wollten Sie auch schon immer einmal in Ihrem Leben echtes Robinson-Feeling pur sp\u00fcren und erleben? An einigen der sch\u00f6nsten wei\u00dfen und rosafarbenen Sandstr\u00e4nde in der gesamten S\u00fcdsee sein, eine intakte gesch\u00fctzte Lagune mit artenreicher Unterwasserwelt kennenlernen und auf den [&hellip;]<\/p>","protected":false},"author":4,"featured_media":0,"parent":3048,"menu_order":0,"comment_status":"closed","ping_status":"closed","template":"page-reise_detail5.php","meta":{"_acf_changed":false,"inline_featured_image":false,"footnotes":""},"categories":[12,8,2],"tags":[],"class_list":["post-15896","page","type-page","status-publish","hentry","category-island-selections","category-reisen","category-unkategorisiert"],"acf":[],"_links":{"self":[{"href":"https:\/\/select-luxury.travel\/en\/wp-json\/wp\/v2\/pages\/15896","targetHints":{"allow":["GET"]}}],"collection":[{"href":"https:\/\/select-luxury.travel\/en\/wp-json\/wp\/v2\/pages"}],"about":[{"href":"https:\/\/select-luxury.travel\/en\/wp-json\/wp\/v2\/types\/page"}],"author":[{"embeddable":true,"href":"https:\/\/select-luxury.travel\/en\/wp-json\/wp\/v2\/users\/4"}],"replies":[{"embeddable":true,"href":"https:\/\/select-luxury.travel\/en\/wp-json\/wp\/v2\/comments?post=15896"}],"version-history":[{"count":52,"href":"https:\/\/select-luxury.travel\/en\/wp-json\/wp\/v2\/pages\/15896\/revisions"}],"predecessor-version":[{"id":37303,"href":"https:\/\/select-luxury.travel\/en\/wp-json\/wp\/v2\/pages\/15896\/revisions\/37303"}],"up":[{"embeddable":true,"href":"https:\/\/select-luxury.travel\/en\/wp-json\/wp\/v2\/pages\/3048"}],"wp:attachment":[{"href":"https:\/\/select-luxury.travel\/en\/wp-json\/wp\/v2\/media?parent=15896"}],"wp:term":[{"taxonomy":"category","embeddable":true,"href":"https:\/\/select-luxury.travel\/en\/wp-json\/wp\/v2\/categories?post=15896"},{"taxonomy":"post_tag","embeddable":true,"href":"https:\/\/select-luxury.travel\/en\/wp-json\/wp\/v2\/tags?post=15896"}],"curies":[{"name":"wp","href":"https:\/\/api.w.org\/{rel}","templated":true}]}}