{"id":1556,"date":"2018-05-02T10:07:33","date_gmt":"2018-05-02T08:07:33","guid":{"rendered":"https:\/\/select-luxury.travel\/?page_id=1556"},"modified":"2024-08-05T12:58:17","modified_gmt":"2024-08-05T10:58:17","slug":"namibia","status":"publish","type":"page","link":"https:\/\/select-luxury.travel\/en\/selections\/private\/namibia","title":{"rendered":"Namibia"},"content":{"rendered":"<p><span class=\"text-braun\">Discover scenic highlights &amp; remote deserts - luxury trip to the Red Dunes, Skeleton Coast and Big 5<\/span><\/p>\n<p>The oryx antelope stands gracefully in front of the orange-red dunes, almost drawn into the landscape, delicate and still. Almost as if it were waiting to serve you as the perfect photo opportunity. Behind the noble animal, a veritable sea of colour paints itself into the endless expanse. The colours change almost dramatically, merging into a stunning starry sky, the likes of which you have perhaps never experienced before. In the vastness of the Etosha Pan, you spot the first of the Big Five: a lion roams through the impressive landscape. It will not be the only large wild animal you discover in Namibia's wilderness. The land of endless horizons is an oasis of wild life and offers a great home to the Big Five, among others.<\/p>\n<p>Namibia is one of the least densely populated countries in the world and one of the world's largest wildlife areas. The impressive wildlife, ever-changing rugged landscapes, endless sand dunes and furious sunrises and sunsets make the African country a perfect nature and safari destination. In the north, Etosha National Park is one of Africa's largest game parks. The south of Namibia is dominated by the gigantic Namibian Desert and the Red Dunes, which rise hundreds of metres into the air. Another highlight: the remote Skeleton Coast National Park, which has become home to desert elephants and desert rhinos with its mysterious shipwrecks and the rugged Damaraland.<\/p>\n<p>With one of our Namibia fly-in safaris, you can treat yourself to a luxury holiday in the country's most exclusive accommodation. Look forward to unrivalled, African luxury lodgings with outstanding charm and service, from which you can set off directly on your daily exclusive adventures.<\/p>","protected":false},"excerpt":{"rendered":"<p>Landschaftliche H\u00f6hepunkte &amp; entlegene W\u00fcsten entdecken &#8211; Luxusreise zu Roten D\u00fcnen, Skelettk\u00fcste und Big 5 Anmutig steht die Oryxantilope vor den orange-roten D\u00fcnen, fast in die Landschaft gezeichnet, zart und still. Beinahe als warte sie darauf, Ihnen als perfektes Fotomotiv zu dienen. Hinter dem edlen Tier malt sich mittlerweile ein wahres Farbenmeer in die unendliche [&hellip;]<\/p>\n","protected":false},"author":3,"featured_media":0,"parent":514,"menu_order":29,"comment_status":"closed","ping_status":"closed","template":"page-reise_detail.php","meta":{"_acf_changed":false,"inline_featured_image":false,"footnotes":""},"categories":[9,8],"tags":[],"class_list":["post-1556","page","type-page","status-publish","hentry","category-private-selections","category-reisen"],"acf":[],"_links":{"self":[{"href":"https:\/\/select-luxury.travel\/en\/wp-json\/wp\/v2\/pages\/1556","targetHints":{"allow":["GET"]}}],"collection":[{"href":"https:\/\/select-luxury.travel\/en\/wp-json\/wp\/v2\/pages"}],"about":[{"href":"https:\/\/select-luxury.travel\/en\/wp-json\/wp\/v2\/types\/page"}],"author":[{"embeddable":true,"href":"https:\/\/select-luxury.travel\/en\/wp-json\/wp\/v2\/users\/3"}],"replies":[{"embeddable":true,"href":"https:\/\/select-luxury.travel\/en\/wp-json\/wp\/v2\/comments?post=1556"}],"version-history":[{"count":25,"href":"https:\/\/select-luxury.travel\/en\/wp-json\/wp\/v2\/pages\/1556\/revisions"}],"predecessor-version":[{"id":43507,"href":"https:\/\/select-luxury.travel\/en\/wp-json\/wp\/v2\/pages\/1556\/revisions\/43507"}],"up":[{"embeddable":true,"href":"https:\/\/select-luxury.travel\/en\/wp-json\/wp\/v2\/pages\/514"}],"wp:attachment":[{"href":"https:\/\/select-luxury.travel\/en\/wp-json\/wp\/v2\/media?parent=1556"}],"wp:term":[{"taxonomy":"category","embeddable":true,"href":"https:\/\/select-luxury.travel\/en\/wp-json\/wp\/v2\/categories?post=1556"},{"taxonomy":"post_tag","embeddable":true,"href":"https:\/\/select-luxury.travel\/en\/wp-json\/wp\/v2\/tags?post=1556"}],"curies":[{"name":"wp","href":"https:\/\/api.w.org\/{rel}","templated":true}]}}