{"id":15534,"date":"2020-10-27T11:12:55","date_gmt":"2020-10-27T10:12:55","guid":{"rendered":"https:\/\/select-luxury.travel\/?page_id=15534"},"modified":"2024-10-09T21:14:51","modified_gmt":"2024-10-09T19:14:51","slug":"caribbean-eden-rock-st-barths","status":"publish","type":"page","link":"https:\/\/select-luxury.travel\/en\/selections\/island-selections\/karibik-eden-rock-st-barths","title":{"rendered":"Caribbean - Eden Rock-St Barths, Saint-Barth\u00e9lemy"},"content":{"rendered":"<p><span class=\"text-braun\">Saint-Barth\u00e9lemy: Eden Rock-St Barths, home away from home<\/span><\/p>\n<p>With its spectacular location in St Jean Bay, Eden Rock - St Barths has been the epitome of unique hospitality since the lively French Caribbean adventurer and occasional treasure hunter R\u00e9my de Haenen first welcomed guests to his seaside home Eden Rock in the 1950s. The place quickly established itself as the preferred private and discreet hideaway of many glamorous Hollywood characters, who quickly became loyal friends and fans of St. Barths. Among them Howard Hughes, Greta Garbo, Robert Mitchum, Gore Vidal, Baron Rothschild David &amp; Peggy Rockfeller, Princess Lee Radziwill, among a host of other personalities. A sense of privacy, security and freedom was established, of style, casual elegance, spirit and ambition. And all this continues to this day and is now reinforced by welcoming a great many international guests and friends of modern times.<\/p>\n<p>Voted \"Best Hotel in the World\" by Cond\u00e9 Nast Traveller in 2016, the Eden Rock has undergone a complete makeover since Hurricane Irma hit the island in September 2017.<\/p>\n<p>Experience the new and magnificent Eden Rock St Barths.<\/p>","protected":false},"excerpt":{"rendered":"<p>Saint-Barth\u00e9lemy: Eden Rock-St Barths, Heimat fern der Heimat Mit seiner spektakul\u00e4ren Lage in der St.-Jean-Bucht ist Eden Rock &#8211; St. Barths der Inbegriff f\u00fcr einzigartige Gastfreundschaft, seit der quirlige franz\u00f6sische Karibik-Abenteurer und gelegentliche Schatzsucher R\u00e9my de Haenen in den 1950er Jahren erstmals G\u00e4ste in seinem Haus Eden Rock am Meer willkommen hie\u00df. Der Ort etablierte [&hellip;]<\/p>\n","protected":false},"author":4,"featured_media":0,"parent":3048,"menu_order":0,"comment_status":"closed","ping_status":"closed","template":"page-reise_detail.php","meta":{"_acf_changed":false,"inline_featured_image":false,"footnotes":""},"categories":[12,8,2],"tags":[],"class_list":["post-15534","page","type-page","status-publish","hentry","category-island-selections","category-reisen","category-unkategorisiert"],"acf":[],"_links":{"self":[{"href":"https:\/\/select-luxury.travel\/en\/wp-json\/wp\/v2\/pages\/15534","targetHints":{"allow":["GET"]}}],"collection":[{"href":"https:\/\/select-luxury.travel\/en\/wp-json\/wp\/v2\/pages"}],"about":[{"href":"https:\/\/select-luxury.travel\/en\/wp-json\/wp\/v2\/types\/page"}],"author":[{"embeddable":true,"href":"https:\/\/select-luxury.travel\/en\/wp-json\/wp\/v2\/users\/4"}],"replies":[{"embeddable":true,"href":"https:\/\/select-luxury.travel\/en\/wp-json\/wp\/v2\/comments?post=15534"}],"version-history":[{"count":33,"href":"https:\/\/select-luxury.travel\/en\/wp-json\/wp\/v2\/pages\/15534\/revisions"}],"predecessor-version":[{"id":35764,"href":"https:\/\/select-luxury.travel\/en\/wp-json\/wp\/v2\/pages\/15534\/revisions\/35764"}],"up":[{"embeddable":true,"href":"https:\/\/select-luxury.travel\/en\/wp-json\/wp\/v2\/pages\/3048"}],"wp:attachment":[{"href":"https:\/\/select-luxury.travel\/en\/wp-json\/wp\/v2\/media?parent=15534"}],"wp:term":[{"taxonomy":"category","embeddable":true,"href":"https:\/\/select-luxury.travel\/en\/wp-json\/wp\/v2\/categories?post=15534"},{"taxonomy":"post_tag","embeddable":true,"href":"https:\/\/select-luxury.travel\/en\/wp-json\/wp\/v2\/tags?post=15534"}],"curies":[{"name":"wp","href":"https:\/\/api.w.org\/{rel}","templated":true}]}}