{"id":15397,"date":"2020-10-21T10:53:32","date_gmt":"2020-10-21T08:53:32","guid":{"rendered":"https:\/\/select-luxury.travel\/?page_id=15397"},"modified":"2026-03-16T12:23:30","modified_gmt":"2026-03-16T11:23:30","slug":"island-luxury-in-winter","status":"publish","type":"page","link":"https:\/\/select-luxury.travel\/en\/island-luxury-im-winter","title":{"rendered":"Island Luxury in winter"},"content":{"rendered":"<p><span class=\"text-braun\">Pure adrenaline: magical luxury winter adventure in the land of fire and ice<\/span><\/p>\n<p>Green lights waft unrealistically in the sky, seeming like signs from another, distant world. The hot water of natural thermal springs seems much more earthly. Or the dramatic lunar landscapes that stretch for kilometres across the island and are characterised by volcanoes, geysers, thermal springs and lava fields. Protected areas for the huge glaciers are the Vatnaj\u00f6kull and Sn\u00e6fellsj\u00f6kull National Parks. Iceland is a unique natural spectacle. Immerse yourself in the world of volcanoes and glaciers, watch cascading waterfalls such as Gullfoss, Seljalandsfoss or Sk\u00f3gafoss, explore glaciers by snowmobile, go on an adventurous husky tour, walk through snow-covered surreal landscapes, along cliffs and on the black lava beach of Reynisdrangar - one of the ten most beautiful non-tropical beaches in the world. On this trip, all your Iceland dreams will finally come true. And you have the choice: an exciting self-drive tour or a luxury trip in a private car with your private driver-guide - but in any case off-road and always with that certain kick. Look forward to an accompanied private tour with a chauffeur and a flexible and individual programme to suit your taste. You will travel to the highlights of the country in your own private vehicle with your own knowledgeable driver and alongside local tour guides. With us, you will discover the highlights of this fascinating island, immerse yourself in nature, meet locals for a chat, savour Scandinavian cuisine and stay in selected hotels and lodges.<\/p>","protected":false},"excerpt":{"rendered":"<p>Adrenalin pur: magisches Luxus-Winterabenteuer im Land aus Feuer und Eis Irreal wabern gr\u00fcne Lichter am Himmel, scheinen wie Zeichen aus einer anderen, weit entfernten Welt. Viel weltlicher mutet da schon das hei\u00dfe Nass nat\u00fcrlicher Thermalquellen an. Oder auch die dramatischen Mondlandschaften, die kilometerweit \u00fcber die Insel f\u00fchren und durch Vulkane, Geysire, Thermalquellen und Lavafelder gepr\u00e4gt [&hellip;]<\/p>\n","protected":false},"author":4,"featured_media":0,"parent":0,"menu_order":0,"comment_status":"closed","ping_status":"closed","template":"page-reise_detail.php","meta":{"_acf_changed":false,"inline_featured_image":false,"footnotes":""},"categories":[12,9,8,2],"tags":[],"class_list":["post-15397","page","type-page","status-publish","hentry","category-island-selections","category-private-selections","category-reisen","category-unkategorisiert"],"acf":[],"_links":{"self":[{"href":"https:\/\/select-luxury.travel\/en\/wp-json\/wp\/v2\/pages\/15397","targetHints":{"allow":["GET"]}}],"collection":[{"href":"https:\/\/select-luxury.travel\/en\/wp-json\/wp\/v2\/pages"}],"about":[{"href":"https:\/\/select-luxury.travel\/en\/wp-json\/wp\/v2\/types\/page"}],"author":[{"embeddable":true,"href":"https:\/\/select-luxury.travel\/en\/wp-json\/wp\/v2\/users\/4"}],"replies":[{"embeddable":true,"href":"https:\/\/select-luxury.travel\/en\/wp-json\/wp\/v2\/comments?post=15397"}],"version-history":[{"count":79,"href":"https:\/\/select-luxury.travel\/en\/wp-json\/wp\/v2\/pages\/15397\/revisions"}],"predecessor-version":[{"id":69526,"href":"https:\/\/select-luxury.travel\/en\/wp-json\/wp\/v2\/pages\/15397\/revisions\/69526"}],"wp:attachment":[{"href":"https:\/\/select-luxury.travel\/en\/wp-json\/wp\/v2\/media?parent=15397"}],"wp:term":[{"taxonomy":"category","embeddable":true,"href":"https:\/\/select-luxury.travel\/en\/wp-json\/wp\/v2\/categories?post=15397"},{"taxonomy":"post_tag","embeddable":true,"href":"https:\/\/select-luxury.travel\/en\/wp-json\/wp\/v2\/tags?post=15397"}],"curies":[{"name":"wp","href":"https:\/\/api.w.org\/{rel}","templated":true}]}}