{"id":15267,"date":"2020-10-19T15:44:30","date_gmt":"2020-10-19T13:44:30","guid":{"rendered":"https:\/\/select-luxury.travel\/?page_id=15267"},"modified":"2026-03-14T17:58:31","modified_gmt":"2026-03-14T16:58:31","slug":"finland-luxury-winter-dream-at-the-polar-circle","status":"publish","type":"page","link":"https:\/\/select-luxury.travel\/en\/finnland-luxus-wintertraum-am-polarkreis","title":{"rendered":"Finland - Luxury winter dream at the Arctic Circle in Lapland"},"content":{"rendered":"<p><span class=\"text-braun\">Nordic luxury in wild Lapland: dog sleds, northern lights, Nordic cuisine<\/span><\/p>\n<p>Finland is a winter dream! In the Arctic Circle, you can experience twilight in delicate pastel colours in the snow-covered, untouched dream landscape during the day, while in the icy polar night the Northern Light, the fascinating aurora borealis, casts a spell over every visitor. Finnish Lapland is a wild Arctic region full of magic and contrasts. In winter, Lapland is a dream winter wonderland. The snow-covered hills and fells offer ideal conditions in winter and spring for all winter sports enthusiasts and fans of the white season - from skiers to snowshoe hikers. Visit Father Christmas in Rovaniemi, dine in one (or two!) of Lapland's great restaurants and enjoy Nordic cuisine at its best, explore a reindeer farm with a trapper, go dog sledding or snowmobiling through snow-covered landscapes, visit the cute four-legged friends on a husky farm, discover one of the cool festivals, create ice sculptures or pan for gold. Lapland's charm is characterised by contrasts: undisturbed nature with untouched forests, numerous lakes, picturesque coastlines, unique flora and fauna and the vast wilderness of Lapland harmonises with spectacular architecture in Nordic towns, hotels and lodges. Lapland and the snowy landscape is home to reindeer, Father Christmas and the Northern Lights; but it is much more than that: it is a feeling, a wonderful state of mind. When you hike through the fells in the autumnal blaze of colour or in the untouched snowy landscape, breathe the purest air in the world, experience the silence and enjoy the panoramic views, you feel that nature is speaking to you. The endless expanse of wilderness stretches to the horizon and all you hear is the whisper of a fresh breeze. Here you will find a selection of accommodation that combines fabulous nature with every conceivable luxury.<\/p>","protected":false},"excerpt":{"rendered":"<p>Nordic Luxury im wilden Lappland: Hundeschlitten, Polarlichter, Nordic-Cuisine Finnland ist ein Wintertraum! Am Polarkreis k\u00f6nnen Sie in tief verschneiter, unber\u00fchrter Traumlandschaft am Tage ein D\u00e4mmerlicht in zarten Pastellfarben erleben, w\u00e4hrend in der eisigen Polarnacht das Northern Light, das faszinierende Polarlicht jeden Besucher in seinen Bann zieht. Finnisch Lappland ist eine wilde arktische Region voller Magie [&hellip;]<\/p>\n","protected":false},"author":4,"featured_media":0,"parent":0,"menu_order":0,"comment_status":"closed","ping_status":"closed","template":"page-reise_detail.php","meta":{"_acf_changed":false,"inline_featured_image":false,"footnotes":""},"categories":[9,8,2],"tags":[],"class_list":["post-15267","page","type-page","status-publish","hentry","category-private-selections","category-reisen","category-unkategorisiert"],"acf":[],"_links":{"self":[{"href":"https:\/\/select-luxury.travel\/en\/wp-json\/wp\/v2\/pages\/15267","targetHints":{"allow":["GET"]}}],"collection":[{"href":"https:\/\/select-luxury.travel\/en\/wp-json\/wp\/v2\/pages"}],"about":[{"href":"https:\/\/select-luxury.travel\/en\/wp-json\/wp\/v2\/types\/page"}],"author":[{"embeddable":true,"href":"https:\/\/select-luxury.travel\/en\/wp-json\/wp\/v2\/users\/4"}],"replies":[{"embeddable":true,"href":"https:\/\/select-luxury.travel\/en\/wp-json\/wp\/v2\/comments?post=15267"}],"version-history":[{"count":119,"href":"https:\/\/select-luxury.travel\/en\/wp-json\/wp\/v2\/pages\/15267\/revisions"}],"predecessor-version":[{"id":69448,"href":"https:\/\/select-luxury.travel\/en\/wp-json\/wp\/v2\/pages\/15267\/revisions\/69448"}],"wp:attachment":[{"href":"https:\/\/select-luxury.travel\/en\/wp-json\/wp\/v2\/media?parent=15267"}],"wp:term":[{"taxonomy":"category","embeddable":true,"href":"https:\/\/select-luxury.travel\/en\/wp-json\/wp\/v2\/categories?post=15267"},{"taxonomy":"post_tag","embeddable":true,"href":"https:\/\/select-luxury.travel\/en\/wp-json\/wp\/v2\/tags?post=15267"}],"curies":[{"name":"wp","href":"https:\/\/api.w.org\/{rel}","templated":true}]}}