{"id":15139,"date":"2020-10-21T15:32:08","date_gmt":"2020-10-21T13:32:08","guid":{"rendered":"https:\/\/select-luxury.travel\/?page_id=15139"},"modified":"2026-03-14T17:27:27","modified_gmt":"2026-03-14T16:27:27","slug":"senhoog-luxury-holiday-homes-sylt","status":"publish","type":"page","link":"https:\/\/select-luxury.travel\/en\/selections\/island-selections\/senhoog-luxury-holiday-homes-sylt","title":{"rendered":"\u2605 Senhoog Luxury Holiday Homes Sylt"},"content":{"rendered":"<p><span class=\"text-braun\">Thatched design country houses with personalised, individual service<\/span><\/p>\n<p>A dreamy Sylt holiday deluxe under a romantic thatched roof is guaranteed. Here you can experience being with all your senses! Those who appreciate privacy and luxury in equal measure will find true holiday bliss in the two designer country houses with personal, individual service. These are real hideaways to unwind. Furnished with honest, genuine, high-quality, partly historical materials. You have the freedom to do exactly what you want at any given time. Your hosts will take care of the rest. Everything is there for breakfast long after midday, for a day in the private spa, for a barbecue in the evening sun... Just a five-minute walk separates the 130 square metre SENHOOG LeuchtTurmSeele holiday home from the dunes and the island's 40 kilometre-long western beach. Nothing but meadows, fields and the Wadden Sea. The 160 square metre holiday home SalzWasserHerz is located in Morsum in the east of the island and offers those seeking peace and quiet a true idyll. For active holidaymakers, it is the perfect base for long walks, jogging, cycling tours and golf. Close by: The Morsum cliff, one of the oldest nature reserves in Germany. A time-out on Sylt between dunes in the wind and the purple heath is good for the soul.<\/p>","protected":false},"excerpt":{"rendered":"<p>Reetgedeckte Design-Landh\u00e4user mit pers\u00f6nlichem, individuellem Service Traumhafter Sylt-Urlaub-Deluxe unterm romantischen Reetdach ist garantiert. Hier l\u00e4sst sich das Sein mit allen Sinnen erleben! Wer Privatsph\u00e4re und Luxus gleicherma\u00dfen sch\u00e4tzt, der findet wahres Feriengl\u00fcck in den beiden Design-Landh\u00e4usern mit pers\u00f6nlichem, individuellem Service. Das sind echte Refugien zum Runterkommen. Ausgestattet mit ehrlich-echten, hochwertig verarbeiteten, teils historischen Materialien. Sie [&hellip;]<\/p>\n","protected":false},"author":4,"featured_media":0,"parent":3048,"menu_order":0,"comment_status":"closed","ping_status":"closed","template":"page-reise_detail5.php","meta":{"_acf_changed":false,"inline_featured_image":false,"footnotes":""},"categories":[12,8,2],"tags":[],"class_list":["post-15139","page","type-page","status-publish","hentry","category-island-selections","category-reisen","category-unkategorisiert"],"acf":[],"_links":{"self":[{"href":"https:\/\/select-luxury.travel\/en\/wp-json\/wp\/v2\/pages\/15139","targetHints":{"allow":["GET"]}}],"collection":[{"href":"https:\/\/select-luxury.travel\/en\/wp-json\/wp\/v2\/pages"}],"about":[{"href":"https:\/\/select-luxury.travel\/en\/wp-json\/wp\/v2\/types\/page"}],"author":[{"embeddable":true,"href":"https:\/\/select-luxury.travel\/en\/wp-json\/wp\/v2\/users\/4"}],"replies":[{"embeddable":true,"href":"https:\/\/select-luxury.travel\/en\/wp-json\/wp\/v2\/comments?post=15139"}],"version-history":[{"count":37,"href":"https:\/\/select-luxury.travel\/en\/wp-json\/wp\/v2\/pages\/15139\/revisions"}],"predecessor-version":[{"id":69435,"href":"https:\/\/select-luxury.travel\/en\/wp-json\/wp\/v2\/pages\/15139\/revisions\/69435"}],"up":[{"embeddable":true,"href":"https:\/\/select-luxury.travel\/en\/wp-json\/wp\/v2\/pages\/3048"}],"wp:attachment":[{"href":"https:\/\/select-luxury.travel\/en\/wp-json\/wp\/v2\/media?parent=15139"}],"wp:term":[{"taxonomy":"category","embeddable":true,"href":"https:\/\/select-luxury.travel\/en\/wp-json\/wp\/v2\/categories?post=15139"},{"taxonomy":"post_tag","embeddable":true,"href":"https:\/\/select-luxury.travel\/en\/wp-json\/wp\/v2\/tags?post=15139"}],"curies":[{"name":"wp","href":"https:\/\/api.w.org\/{rel}","templated":true}]}}