{"id":14984,"date":"2020-10-14T19:46:17","date_gmt":"2020-10-14T17:46:17","guid":{"rendered":"https:\/\/select-luxury.travel\/?page_id=14984"},"modified":"2026-03-16T11:43:34","modified_gmt":"2026-03-16T10:43:34","slug":"senhoog-luxury-holiday-homes-leogang","status":"publish","type":"page","link":"https:\/\/select-luxury.travel\/en\/selections\/private\/senhoog-luxury-holiday-homes-leogang","title":{"rendered":"5\u2605 Senhoog Luxury Holiday Homes Leogang"},"content":{"rendered":"<p><span class=\"text-braun\">New luxury chalets in the Kitzb\u00fchel Alps - casual, luxurious and worth living in<\/span><\/p>\n<p>The Kitzb\u00fchel Alps are the epitome of stylish chalet holidays in the Austrian Alps. From now on, the two luxury chalets Senhoog Luxury Holiday Homes await you in a class of their own around 1,000 metres above Leongang with a private pool! Under the stars on your own terrace, a breathtaking panoramic view of the valley and the mountain backdrop, a night-time dip in the infinity pool or relaxing with a fine drop of wine from the lavishly stocked wine cellar to the gentle sounds of the audio system - in the two 180 and 250 square metre Senhoog Luxury Holiday Homes, guests live to their own rhythm, and not just in the evenings. When you say mountains, you mean Leogang. The landscape is characterised by the rugged, high limestone giants of the Steinernes Meer and the Leoganger Steinberge as well as gentle grassy hills. In winter, a relatively snow-sure landscape awaits you for winter sports or simply to relax in the healthy mountain air. During the day, a variety of discovery tours in the natural surroundings of Salzburger Land beckon, whether on foot while hiking, skiing or by bike. Those who prefer a quieter holiday can enjoy the spaciousness of their chalet and the wonderful peace and quiet on the Sonnenh\u00fcgel. <\/p>\n<p>The all-round service includes various inclusive services such as the gourmet breakfast service in the chalet, unlimited free Nespresso coffee, Ronnefeld tea, soft drinks and beer as well as a bottle of wine per day from the well-stocked wine cabinet, free e-mountain bike hire, wood for the fireplace, free Wi-Fi, a collection of games and books for hours of music and a Samina pillow bar for the perfect night's sleep. Those travelling with children will benefit from the cot, buggy and baby monitor already available. Four-legged friends are also welcome and are pampered with a dog wellness package including a bed, bowl, brushes and more.<\/p>","protected":false},"excerpt":{"rendered":"<p>Neue Luxuschalets in den Kitzb\u00fcheler Alpen &#8211; L\u00e4ssig, luxuri\u00f6s und lebenswert Die Kitzb\u00fcheler Alpen sind der Inbegriff f\u00fcr stilvollen Chalet-Urlaub in den \u00f6sterreichischen Alpen. Ab sofort erwarten Sie die beiden Edel-Chalets Senhoog Luxury Holiday Homes der Extraklasse rund 1.000 Meter hoch \u00fcber Leongang mit Privatpool! Unter dem Sternenhimmel auf der eigenen Terrasse, ein atemberaubender Panoramablick [&hellip;]<\/p>\n","protected":false},"author":4,"featured_media":0,"parent":514,"menu_order":0,"comment_status":"closed","ping_status":"closed","template":"page-reise_detail5.php","meta":{"_acf_changed":false,"inline_featured_image":false,"footnotes":""},"categories":[9,8,2],"tags":[],"class_list":["post-14984","page","type-page","status-publish","hentry","category-private-selections","category-reisen","category-unkategorisiert"],"acf":[],"_links":{"self":[{"href":"https:\/\/select-luxury.travel\/en\/wp-json\/wp\/v2\/pages\/14984","targetHints":{"allow":["GET"]}}],"collection":[{"href":"https:\/\/select-luxury.travel\/en\/wp-json\/wp\/v2\/pages"}],"about":[{"href":"https:\/\/select-luxury.travel\/en\/wp-json\/wp\/v2\/types\/page"}],"author":[{"embeddable":true,"href":"https:\/\/select-luxury.travel\/en\/wp-json\/wp\/v2\/users\/4"}],"replies":[{"embeddable":true,"href":"https:\/\/select-luxury.travel\/en\/wp-json\/wp\/v2\/comments?post=14984"}],"version-history":[{"count":87,"href":"https:\/\/select-luxury.travel\/en\/wp-json\/wp\/v2\/pages\/14984\/revisions"}],"predecessor-version":[{"id":69498,"href":"https:\/\/select-luxury.travel\/en\/wp-json\/wp\/v2\/pages\/14984\/revisions\/69498"}],"up":[{"embeddable":true,"href":"https:\/\/select-luxury.travel\/en\/wp-json\/wp\/v2\/pages\/514"}],"wp:attachment":[{"href":"https:\/\/select-luxury.travel\/en\/wp-json\/wp\/v2\/media?parent=14984"}],"wp:term":[{"taxonomy":"category","embeddable":true,"href":"https:\/\/select-luxury.travel\/en\/wp-json\/wp\/v2\/categories?post=14984"},{"taxonomy":"post_tag","embeddable":true,"href":"https:\/\/select-luxury.travel\/en\/wp-json\/wp\/v2\/tags?post=14984"}],"curies":[{"name":"wp","href":"https:\/\/api.w.org\/{rel}","templated":true}]}}