{"id":1497,"date":"2018-08-02T13:59:57","date_gmt":"2018-08-02T11:59:57","guid":{"rendered":"https:\/\/select-luxury.travel\/?page_id=1497"},"modified":"2026-01-05T08:52:27","modified_gmt":"2026-01-05T07:52:27","slug":"south-sea-cruise-paul-gauguin-cruises","status":"publish","type":"page","link":"https:\/\/select-luxury.travel\/en\/selections\/cruise\/south-sea-cruise-paul-gauguin-cruises","title":{"rendered":"South Seas Cruise: Paul Gauguin Cruises"},"content":{"rendered":"<p><span class=\"text-braun\">A Garden of Eden with azure lagoons, the finest sandy beaches &amp; a fascinating underwater world<\/span><\/p>\n<p>Enveloped by the scent of vanilla and tiare blossoms, travel dreams come true. Marvel at the beauty of Huahine, the original land of Polynesian culture on the mythical island of Raiatea. Experience the majestic ballet of colourful fish cavorting in the turquoise waters of Motu Mahana, the small private paradise of the Reedrei. Let yourself be enchanted by the magnificent lagoon of Bora Bora with its unmistakable volcanic silhouette. And enjoy the unrivalled beauty of the island of Moorea.<\/p>\n<p><strong>Travel period: 31.01.2026 - 07.02.2026 (further dates possible on request)<\/strong><\/p>","protected":false},"excerpt":{"rendered":"<p>Ein Garten Eden mit azurblauen Lagunen, feinsten Sandstr\u00e4nden &amp; einer faszinierenden Unterwasserwelt Umh\u00fcllt vom Duft von Vanille und Tiar\u00e9-Bl\u00fcten werden Reisetr\u00e4ume wahr. Bewundern Sie die Sch\u00f6nheit von Huahine, das urspr\u00fcngliche Land der polynesischen Kultur auf der mythischen Insel Raiatea. Erleben Sie das\u00a0 majest\u00e4tische Ballett der bunten Fische, die sich im t\u00fcrkisfarbenen Wasser des Motu Mahana [&hellip;]<\/p>","protected":false},"author":3,"featured_media":0,"parent":627,"menu_order":1,"comment_status":"closed","ping_status":"closed","template":"page-reise_detail.php","meta":{"_acf_changed":false,"inline_featured_image":false,"footnotes":""},"categories":[11,8],"tags":[],"class_list":["post-1497","page","type-page","status-publish","hentry","category-cruise-selections","category-reisen"],"acf":[],"_links":{"self":[{"href":"https:\/\/select-luxury.travel\/en\/wp-json\/wp\/v2\/pages\/1497","targetHints":{"allow":["GET"]}}],"collection":[{"href":"https:\/\/select-luxury.travel\/en\/wp-json\/wp\/v2\/pages"}],"about":[{"href":"https:\/\/select-luxury.travel\/en\/wp-json\/wp\/v2\/types\/page"}],"author":[{"embeddable":true,"href":"https:\/\/select-luxury.travel\/en\/wp-json\/wp\/v2\/users\/3"}],"replies":[{"embeddable":true,"href":"https:\/\/select-luxury.travel\/en\/wp-json\/wp\/v2\/comments?post=1497"}],"version-history":[{"count":62,"href":"https:\/\/select-luxury.travel\/en\/wp-json\/wp\/v2\/pages\/1497\/revisions"}],"predecessor-version":[{"id":68310,"href":"https:\/\/select-luxury.travel\/en\/wp-json\/wp\/v2\/pages\/1497\/revisions\/68310"}],"up":[{"embeddable":true,"href":"https:\/\/select-luxury.travel\/en\/wp-json\/wp\/v2\/pages\/627"}],"wp:attachment":[{"href":"https:\/\/select-luxury.travel\/en\/wp-json\/wp\/v2\/media?parent=1497"}],"wp:term":[{"taxonomy":"category","embeddable":true,"href":"https:\/\/select-luxury.travel\/en\/wp-json\/wp\/v2\/categories?post=1497"},{"taxonomy":"post_tag","embeddable":true,"href":"https:\/\/select-luxury.travel\/en\/wp-json\/wp\/v2\/tags?post=1497"}],"curies":[{"name":"wp","href":"https:\/\/api.w.org\/{rel}","templated":true}]}}