{"id":14685,"date":"2020-10-08T16:48:40","date_gmt":"2020-10-08T14:48:40","guid":{"rendered":"https:\/\/select-luxury.travel\/?page_id=14685"},"modified":"2026-03-14T17:29:37","modified_gmt":"2026-03-14T16:29:37","slug":"nassauer-hof-wiesbaden","status":"publish","type":"page","link":"https:\/\/select-luxury.travel\/en\/selections\/private\/nassauer-hof-wiesbaden","title":{"rendered":"5\u2605 Nassauer Hof, Wiesbaden &#038; Rheingau"},"content":{"rendered":"<p><span class=\"text-braun\">Character piece full of passion and appreciation on the Rheingau<\/span><\/p>\n<p>As of 1 January 2026, the doors have closed for a comprehensive renovation and we look forward to welcoming you in new splendour after the reopening.<\/p>\n<p>This is a genuine Leading Hotel of the World and a classic grand hotel with over 200 years of history and Wiesbaden's first address. The Hotel Nassauer Hof is many things - and one thing above all: a place where guests are happy, radiant with joy and completely satisfied. A hotel where employees open their hearts to preserve, cultivate and develop a great tradition of hospitality day after day. As a living legend of Wiesbaden, the Nassauer Hof is the answer to your desire and longing for a luxurious, urban retreat in the heart of the fascinatingly beautiful Hessian state capital.<\/p>\n<p>Wiesbaden is also the gateway to the Rheingau, which we believe is Germany's most beautiful wine region. Highlights of the hotel include the 1-star MICHELIN restaurant Ente, Wiesbaden's only cigar-piano-fireplace bar and a rooftop pool fed with thermal water. The wellness area is located on the top floor of the hotel with a marvellous view. The Hessian state capital of Wiesbaden and the neighbouring city of Frankfurt await you with a cultural offering that is second to none. Whether summer or winter, short break or longer holiday - the Hotel Nassauer Hof with all its amenities and the wonderful surroundings invite you to visit all year round. Discover our luxurious offers for exclusive hours alone, as a couple or in a larger group. Our package offers our guests an exclusive Rheingau Safari vineyard tour in a Land Rover Defender. The tour includes a wine tasting, a picnic with packed lunch, your private guide and a wine gift.<\/p>","protected":false},"excerpt":{"rendered":"<p>Charakterst\u00fcck voller Leidenschaft und Wertsch\u00e4tzung am Rheingau Ab dem 1. Januar 2026 haben sich die T\u00fcren f\u00fcr eine umfassende Renovierung geschlossen und wir freuen uns darauf, Sie nach der Wiederer\u00f6ffnung in neuem Glanz willkommen zu hei\u00dfen. Das ist ein echtes Leading Hotel of the World und klassisches Grandhotel mit \u00fcber 200-j\u00e4hriger Historie und erste Adresse [&hellip;]<\/p>\n","protected":false},"author":4,"featured_media":0,"parent":514,"menu_order":0,"comment_status":"closed","ping_status":"closed","template":"page-reise_detail5.php","meta":{"_acf_changed":false,"inline_featured_image":false,"footnotes":""},"categories":[9,8,2],"tags":[],"class_list":["post-14685","page","type-page","status-publish","hentry","category-private-selections","category-reisen","category-unkategorisiert"],"acf":[],"_links":{"self":[{"href":"https:\/\/select-luxury.travel\/en\/wp-json\/wp\/v2\/pages\/14685","targetHints":{"allow":["GET"]}}],"collection":[{"href":"https:\/\/select-luxury.travel\/en\/wp-json\/wp\/v2\/pages"}],"about":[{"href":"https:\/\/select-luxury.travel\/en\/wp-json\/wp\/v2\/types\/page"}],"author":[{"embeddable":true,"href":"https:\/\/select-luxury.travel\/en\/wp-json\/wp\/v2\/users\/4"}],"replies":[{"embeddable":true,"href":"https:\/\/select-luxury.travel\/en\/wp-json\/wp\/v2\/comments?post=14685"}],"version-history":[{"count":63,"href":"https:\/\/select-luxury.travel\/en\/wp-json\/wp\/v2\/pages\/14685\/revisions"}],"predecessor-version":[{"id":69436,"href":"https:\/\/select-luxury.travel\/en\/wp-json\/wp\/v2\/pages\/14685\/revisions\/69436"}],"up":[{"embeddable":true,"href":"https:\/\/select-luxury.travel\/en\/wp-json\/wp\/v2\/pages\/514"}],"wp:attachment":[{"href":"https:\/\/select-luxury.travel\/en\/wp-json\/wp\/v2\/media?parent=14685"}],"wp:term":[{"taxonomy":"category","embeddable":true,"href":"https:\/\/select-luxury.travel\/en\/wp-json\/wp\/v2\/categories?post=14685"},{"taxonomy":"post_tag","embeddable":true,"href":"https:\/\/select-luxury.travel\/en\/wp-json\/wp\/v2\/tags?post=14685"}],"curies":[{"name":"wp","href":"https:\/\/api.w.org\/{rel}","templated":true}]}}