{"id":14237,"date":"2020-09-02T16:39:51","date_gmt":"2020-09-02T14:39:51","guid":{"rendered":"https:\/\/select-luxury.travel\/?page_id=14237"},"modified":"2026-03-21T14:46:45","modified_gmt":"2026-03-21T13:46:45","slug":"tuscany-at-its-best","status":"publish","type":"page","link":"https:\/\/select-luxury.travel\/en\/selections\/private\/toskana-vom-feinsten","title":{"rendered":"Tuscany at its finest"},"content":{"rendered":"<p><span class=\"text-braun\">Private tour with chauffeur to the most beautiful places in Tuscany<\/span><\/p>\n<p>Your hair blows in the gentle, warm wind as you drive through a green hilly landscape that seems almost endless as far as the eye can see. Here and there a beautiful cypress avenue, at the end of which is a hidden country estate. Wrought-iron gates stand wide open, inviting you to drive along the road to this marvellous country estate. It is only now that the full splendour of the estate is revealed, surrounded by ancient vines bearing fruit. The dream view of the vast Tuscan countryside and the warm welcome of your hosts are balm for the soul.<\/p>\n<p>Tuscany is the Mediterranean epitome of Italy. Rolling hills in the heart of central Italy, slender cypress trees, rich vineyards, a great culture with a long history and exquisite cuisine await you here. Culturally significant cities such as Florence, home to some of the most famous Renaissance works of art and buildings in the world, such as Michelangelo's statue \"David\", Botticelli's works in the Uffizi Gallery, the cathedral or the other Tuscan gems Siena, Lucca, Pisa, Volterra, San Gimignano invite you to discover them. Small villages, castles, splendid villas and famous wineries offer a welcome change. The diverse natural landscape stretches from the rugged Apennines to the beaches of the island of Elba on the Tyrrhenian Sea and the olive groves and vineyards of the Chianti region. Look forward to an escorted private tour with your own private chauffeur, with a flexible, individual programme to suit your taste. You will travel individually and flexibly in a private vehicle with your own knowledgeable driver. With us, you will discover the highlights of this enchanting region, immerse yourself in the culture, meet the locals for a chat, savour the Mediterranean cuisine and stay in the best boutique hotels.<\/p>","protected":false},"excerpt":{"rendered":"<p>Privatreise mit Chauffeur zu den sch\u00f6nsten Pl\u00e4tzen der Toskana Die Haare wehen im sanften warmen Wind auf der Fahrt durch gr\u00fcne H\u00fcgellandschaft, die fast endlos scheint, soweit das Auge reicht. Hier und da eine wundersch\u00f6ne Zypressen-Allee, an deren Ende sich ein verstecktes Landgut befindet. Schmiedeeiserne Tore stehen weit ge\u00f6ffnet und laden ein, den Weg zu [&hellip;]<\/p>\n","protected":false},"author":4,"featured_media":0,"parent":514,"menu_order":0,"comment_status":"closed","ping_status":"closed","template":"page-reise_detail.php","meta":{"_acf_changed":false,"inline_featured_image":false,"footnotes":""},"categories":[9,8,2],"tags":[],"class_list":["post-14237","page","type-page","status-publish","hentry","category-private-selections","category-reisen","category-unkategorisiert"],"acf":[],"_links":{"self":[{"href":"https:\/\/select-luxury.travel\/en\/wp-json\/wp\/v2\/pages\/14237","targetHints":{"allow":["GET"]}}],"collection":[{"href":"https:\/\/select-luxury.travel\/en\/wp-json\/wp\/v2\/pages"}],"about":[{"href":"https:\/\/select-luxury.travel\/en\/wp-json\/wp\/v2\/types\/page"}],"author":[{"embeddable":true,"href":"https:\/\/select-luxury.travel\/en\/wp-json\/wp\/v2\/users\/4"}],"replies":[{"embeddable":true,"href":"https:\/\/select-luxury.travel\/en\/wp-json\/wp\/v2\/comments?post=14237"}],"version-history":[{"count":88,"href":"https:\/\/select-luxury.travel\/en\/wp-json\/wp\/v2\/pages\/14237\/revisions"}],"predecessor-version":[{"id":69543,"href":"https:\/\/select-luxury.travel\/en\/wp-json\/wp\/v2\/pages\/14237\/revisions\/69543"}],"up":[{"embeddable":true,"href":"https:\/\/select-luxury.travel\/en\/wp-json\/wp\/v2\/pages\/514"}],"wp:attachment":[{"href":"https:\/\/select-luxury.travel\/en\/wp-json\/wp\/v2\/media?parent=14237"}],"wp:term":[{"taxonomy":"category","embeddable":true,"href":"https:\/\/select-luxury.travel\/en\/wp-json\/wp\/v2\/categories?post=14237"},{"taxonomy":"post_tag","embeddable":true,"href":"https:\/\/select-luxury.travel\/en\/wp-json\/wp\/v2\/tags?post=14237"}],"curies":[{"name":"wp","href":"https:\/\/api.w.org\/{rel}","templated":true}]}}