{"id":13851,"date":"2020-07-16T13:32:01","date_gmt":"2020-07-16T11:32:01","guid":{"rendered":"https:\/\/select-luxury.travel\/?page_id=13851"},"modified":"2026-03-16T12:10:05","modified_gmt":"2026-03-16T11:10:05","slug":"abaton-island-resort-spa-crete-simply-divine","status":"publish","type":"page","link":"https:\/\/select-luxury.travel\/en\/selections\/island-selections\/abaton-island-resort-spa-kreta-einfach-goettlich","title":{"rendered":"5\u2605 Abaton Island Resort &amp; Spa Crete"},"content":{"rendered":"<p><span class=\"text-braun\">Luxury hotel Abaton Island Resort &amp; Spa in a breathtaking location right by the sea<\/span><\/p>\n<p>Enjoy the chic luxury hotel resort in Cycladic style directly on the turquoise-blue sea. Located on the north coast of Crete, Abaton offers elegant accommodation with stunning panoramic views of the Mediterranean. Pamper your mind, body and soul at the best spa in Elemis along with a selection of top restaurants serving Greek and international cuisine. The nymph Orte gave the island its name and Minos, son of Zeus and Europa, was once the king of one of the - then as now - most beautiful islands in the Aegean: Crete! And now, when it is becoming increasingly difficult to find a true hideaway, we have found you a veritable refuge for Greek gods: The Abaton Island Resort &amp; Spa. Long before the beautiful, elegant hotel opened its doors in April last year, the Abaton was already rooted in the region. Designed, built and run by the Kaloutsakis family, it exudes attention to detail - ultra stylish, vibrant, sexy and chic.<\/p>","protected":false},"excerpt":{"rendered":"<p>Luxushotel Abaton Island Resort &#038; Spa in atemberaubender Lage direkt am Meer Genie\u00dfen Sie das schicke luxuri\u00f6se Hotelresort im kykladischen Stil direkt am t\u00fcrkis-blauen Meer. Abaton liegt an der Nordk\u00fcste Kretas und bietet Ihnen elegante Unterk\u00fcnfte mit traumhaftem Panoramablick auf das Mittelmeer. Verw\u00f6hnen Sie Geist, K\u00f6rper und Seele im besten Spa von Elemis zusammen mit [&hellip;]<\/p>\n","protected":false},"author":4,"featured_media":0,"parent":3048,"menu_order":9,"comment_status":"closed","ping_status":"closed","template":"page-reise_detail5.php","meta":{"_acf_changed":false,"inline_featured_image":false,"footnotes":""},"categories":[12,8,2],"tags":[],"class_list":["post-13851","page","type-page","status-publish","hentry","category-island-selections","category-reisen","category-unkategorisiert"],"acf":[],"_links":{"self":[{"href":"https:\/\/select-luxury.travel\/en\/wp-json\/wp\/v2\/pages\/13851","targetHints":{"allow":["GET"]}}],"collection":[{"href":"https:\/\/select-luxury.travel\/en\/wp-json\/wp\/v2\/pages"}],"about":[{"href":"https:\/\/select-luxury.travel\/en\/wp-json\/wp\/v2\/types\/page"}],"author":[{"embeddable":true,"href":"https:\/\/select-luxury.travel\/en\/wp-json\/wp\/v2\/users\/4"}],"replies":[{"embeddable":true,"href":"https:\/\/select-luxury.travel\/en\/wp-json\/wp\/v2\/comments?post=13851"}],"version-history":[{"count":79,"href":"https:\/\/select-luxury.travel\/en\/wp-json\/wp\/v2\/pages\/13851\/revisions"}],"predecessor-version":[{"id":69517,"href":"https:\/\/select-luxury.travel\/en\/wp-json\/wp\/v2\/pages\/13851\/revisions\/69517"}],"up":[{"embeddable":true,"href":"https:\/\/select-luxury.travel\/en\/wp-json\/wp\/v2\/pages\/3048"}],"wp:attachment":[{"href":"https:\/\/select-luxury.travel\/en\/wp-json\/wp\/v2\/media?parent=13851"}],"wp:term":[{"taxonomy":"category","embeddable":true,"href":"https:\/\/select-luxury.travel\/en\/wp-json\/wp\/v2\/categories?post=13851"},{"taxonomy":"post_tag","embeddable":true,"href":"https:\/\/select-luxury.travel\/en\/wp-json\/wp\/v2\/tags?post=13851"}],"curies":[{"name":"wp","href":"https:\/\/api.w.org\/{rel}","templated":true}]}}