{"id":13204,"date":"2020-07-09T10:38:30","date_gmt":"2020-07-09T08:38:30","guid":{"rendered":"https:\/\/select-luxury.travel\/?page_id=13204"},"modified":"2026-03-21T15:35:08","modified_gmt":"2026-03-21T14:35:08","slug":"spain-best-of-extremadura","status":"publish","type":"page","link":"https:\/\/select-luxury.travel\/en\/selections\/private\/spain-best-of-extremadura","title":{"rendered":"Spain - Best of Extremadura"},"content":{"rendered":"<p><span class=\"text-braun\">Private tour with chauffeur to the unknown Spain with its rich cultural treasures<\/span><\/p>\n<p>It was the Romans who brought Extremadura onto the stage of European history; Merida was one of the most important cities in the entire empire at the time. Countless storks flying towards church towers and restored palace roofs of former conquerors of the New World; vast expanses of cork and holm oaks in an area barely larger than Switzerland; plus tranquil expanses and the wildly romantic Monfrag\u00fce Vulture Nature Park. The climatically harsh, sparsely populated country is full of surprises, but due to its remote location far from the sea, it is also Spain's undisputed tourist stepchild. The landscape is characterised by the mountain ranges, the fertile valleys of the Tagus and Guadiana rivers and the lowlands of Lower Extremadura. The region has not yet been taken over by mass tourism and is ideal for those looking for alternatives to the well-known. Interesting are the folk customs, the typical dresses, handicrafts made of ceramics and metal, as well as a very good cuisine with trout, game, sausages, cheese and excellent wines. Look forward to an escorted private tour with chauffeur to the \"other Spain\" with a flexible and individual programme to suit your taste. You will travel to the highlights of the country in your own private vehicle with your own knowledgeable driver and alongside local tour guides. With us, you will discover the highlights of this enchanting country, immerse yourself in the culture, meet locals for a chat, savour the Mediterranean cuisine and stay in selected small, charming boutique hotels and paradores.<\/p>","protected":false},"excerpt":{"rendered":"<p>Privatreise mit Chauffeur in das unbekannte Spanien mit reichen Kultursch\u00e4tzen Die R\u00f6mer waren es, die Extremadura auf die B\u00fchne der europ\u00e4ischen Geschichte brachten, Merida war damals eine der bedeutendsten St\u00e4dte des gesamten Reichs. Zahllose St\u00f6rche im Anflug auf Kircht\u00fcrme und restaurierte Palastd\u00e4cher einstiger Eroberer der Neuen Welt; weite Kork- und Steineichenfl\u00e4chen auf einem Gebiet knapp [&hellip;]<\/p>","protected":false},"author":4,"featured_media":0,"parent":514,"menu_order":0,"comment_status":"closed","ping_status":"closed","template":"page-reise_detail.php","meta":{"_acf_changed":false,"inline_featured_image":false,"footnotes":""},"categories":[9,8,2],"tags":[],"class_list":["post-13204","page","type-page","status-publish","hentry","category-private-selections","category-reisen","category-unkategorisiert"],"acf":[],"_links":{"self":[{"href":"https:\/\/select-luxury.travel\/en\/wp-json\/wp\/v2\/pages\/13204","targetHints":{"allow":["GET"]}}],"collection":[{"href":"https:\/\/select-luxury.travel\/en\/wp-json\/wp\/v2\/pages"}],"about":[{"href":"https:\/\/select-luxury.travel\/en\/wp-json\/wp\/v2\/types\/page"}],"author":[{"embeddable":true,"href":"https:\/\/select-luxury.travel\/en\/wp-json\/wp\/v2\/users\/4"}],"replies":[{"embeddable":true,"href":"https:\/\/select-luxury.travel\/en\/wp-json\/wp\/v2\/comments?post=13204"}],"version-history":[{"count":80,"href":"https:\/\/select-luxury.travel\/en\/wp-json\/wp\/v2\/pages\/13204\/revisions"}],"predecessor-version":[{"id":69575,"href":"https:\/\/select-luxury.travel\/en\/wp-json\/wp\/v2\/pages\/13204\/revisions\/69575"}],"up":[{"embeddable":true,"href":"https:\/\/select-luxury.travel\/en\/wp-json\/wp\/v2\/pages\/514"}],"wp:attachment":[{"href":"https:\/\/select-luxury.travel\/en\/wp-json\/wp\/v2\/media?parent=13204"}],"wp:term":[{"taxonomy":"category","embeddable":true,"href":"https:\/\/select-luxury.travel\/en\/wp-json\/wp\/v2\/categories?post=13204"},{"taxonomy":"post_tag","embeddable":true,"href":"https:\/\/select-luxury.travel\/en\/wp-json\/wp\/v2\/tags?post=13204"}],"curies":[{"name":"wp","href":"https:\/\/api.w.org\/{rel}","templated":true}]}}