{"id":12699,"date":"2020-06-29T15:08:48","date_gmt":"2020-06-29T13:08:48","guid":{"rendered":"https:\/\/select-luxury.travel\/?page_id=12699"},"modified":"2026-05-13T10:43:22","modified_gmt":"2026-05-13T08:43:22","slug":"yacht-charter","status":"publish","type":"page","link":"https:\/\/select-luxury.travel\/en\/selections\/cruise\/yachtcharter","title":{"rendered":"Private yacht charter holidays"},"content":{"rendered":"<p><span class=\"text-braun\">Top-class all-inclusive crewed yacht charter<\/span><\/p>\n<p>With the Quantum superyacht or the luxury sailing catamaran, you will glide across the waves as fast as an arrow. You can taste the salt in the air, stand barefoot on deck and gaze at the horizon while you savour the countless shades of blue in the sky and the sea and can already smell the tempting aroma of your chef's gourmet menu from the galley. You feel the sun on your face, the wind in your hair and a sense of freedom. It's time for swimming, snorkelling and water sports with your favourite water toys. Your captain steers \"your\" yacht for you to the destinations and small harbours you have told him. Only the start and destination are predetermined. You determine the route individually with your captain according to your wishes. A holiday can be this luxurious and relaxing. At sea, the exclusive cruises to the most beautiful coastal destinations in the world make the hearts of many \"short-term yacht owners\" beat faster. Would you like a unique holiday experience? Then we offer you a range of charter options: whether you sail yourself, motor yacht, hire a skipper or want a crewed yacht with skipper and cook, you are sure to experience unforgettable moments on the water and, if you wish, under and in the water during your stops. And in the evening, the restaurants, tavernas and a stroll along the promenade in the small harbours where you moor will tempt you.<\/p>","protected":false},"excerpt":{"rendered":"<p>All-Inclusive Crewed Yacht Charter der Spitzenklasse Mit der Superyacht Quantum oder mit dem Luxus-Segelkatamaran gleiten Sie pfeilschnell \u00fcber die Wogen. Sie schmecken das Salz in der Luft, stehen barf\u00fc\u00dfig an Deck und betrachten den Horizont, w\u00e4hrend Sie die unz\u00e4hligen Blaut\u00f6ne des Himmels und des Meeres genie\u00dfen und bereits das verlockend duftende Gourmetmen\u00fc Ihres K\u00fcchenchefs aus [&hellip;]<\/p>\n","protected":false},"author":4,"featured_media":0,"parent":627,"menu_order":0,"comment_status":"closed","ping_status":"closed","template":"page-reise_detail.php","meta":{"_acf_changed":false,"inline_featured_image":false,"footnotes":""},"categories":[11,9,8,2],"tags":[],"class_list":["post-12699","page","type-page","status-publish","hentry","category-cruise-selections","category-private-selections","category-reisen","category-unkategorisiert"],"acf":[],"_links":{"self":[{"href":"https:\/\/select-luxury.travel\/en\/wp-json\/wp\/v2\/pages\/12699","targetHints":{"allow":["GET"]}}],"collection":[{"href":"https:\/\/select-luxury.travel\/en\/wp-json\/wp\/v2\/pages"}],"about":[{"href":"https:\/\/select-luxury.travel\/en\/wp-json\/wp\/v2\/types\/page"}],"author":[{"embeddable":true,"href":"https:\/\/select-luxury.travel\/en\/wp-json\/wp\/v2\/users\/4"}],"replies":[{"embeddable":true,"href":"https:\/\/select-luxury.travel\/en\/wp-json\/wp\/v2\/comments?post=12699"}],"version-history":[{"count":57,"href":"https:\/\/select-luxury.travel\/en\/wp-json\/wp\/v2\/pages\/12699\/revisions"}],"predecessor-version":[{"id":70590,"href":"https:\/\/select-luxury.travel\/en\/wp-json\/wp\/v2\/pages\/12699\/revisions\/70590"}],"up":[{"embeddable":true,"href":"https:\/\/select-luxury.travel\/en\/wp-json\/wp\/v2\/pages\/627"}],"wp:attachment":[{"href":"https:\/\/select-luxury.travel\/en\/wp-json\/wp\/v2\/media?parent=12699"}],"wp:term":[{"taxonomy":"category","embeddable":true,"href":"https:\/\/select-luxury.travel\/en\/wp-json\/wp\/v2\/categories?post=12699"},{"taxonomy":"post_tag","embeddable":true,"href":"https:\/\/select-luxury.travel\/en\/wp-json\/wp\/v2\/tags?post=12699"}],"curies":[{"name":"wp","href":"https:\/\/api.w.org\/{rel}","templated":true}]}}