{"id":10544,"date":"2020-01-23T16:52:55","date_gmt":"2020-01-23T15:52:55","guid":{"rendered":"https:\/\/select-luxury.travel\/?page_id=10544"},"modified":"2026-03-14T17:45:51","modified_gmt":"2026-03-14T16:45:51","slug":"glyndebourne-festival-london-gardens-in-sussex-the-british-art-of-opera","status":"publish","type":"page","link":"https:\/\/select-luxury.travel\/en\/glyndebourne-festival-london-gardens-in-sussex-the-british-art-of-opera","title":{"rendered":"Glyndebourne Opera Festival, London &amp; Sussex Gardens"},"content":{"rendered":"<p><span class=\"text-braun\">It sounds confusing. And yet it fits together harmoniously - in both senses of the word - as only music can: From the baroque sounds of Handel to the life of guitarist legend Jimmy Hendrix, original instruments by composers such as Mozart and Beethoven to the climax: one of the coveted opera performances at Glyndebourne. Very British.<\/span><\/p>\n<p>Go on a journey that could hardly be more British. Stop by Chartwell House, the retreat of Sir Winston Chrurchill, of which he simply said: \"I love this place.\" Be amazed by the study of the statesman and man of letters and enchanted by the splendour of the golden rose path. You will encounter even more floral splendour and English estates in what is probably the most beautiful and magnificent garden in England - Great Dixter - and in Rye Castle, Bodiam Castle and Savill Garden. For example, you can look forward to herbaceous borders and rose gardens, peat beds and a bog garden, the Jubilee Garden, a dry garden and a heated greenhouse named after the Queen Mother. As you can see: This trip is a royal treat for your eyes and ears.<\/p>","protected":false},"excerpt":{"rendered":"<p>Es klingt verwirrend. Und passt doch \u2013 im doppelten Sinne \u2013 harmonisch zusammen, wie es nur Musik kann: Von den barocken Kl\u00e4ngen H\u00e4ndels \u00fcber das Leben von Gitarristen-Legende Jimmy Hendrix, original Instrumenten von Komponisten wie Mozart und Beethoven bis zum H\u00f6hepunkt: eine der begehrten Opernauff\u00fchrungen in Glyndebourne. Very british. Gehen Sie auf eine Reise wie [&hellip;]<\/p>","protected":false},"author":4,"featured_media":0,"parent":0,"menu_order":0,"comment_status":"closed","ping_status":"closed","template":"page-reise_detail_wams.php","meta":{"_acf_changed":false,"inline_featured_image":false,"footnotes":""},"categories":[9,8,10],"tags":[],"class_list":["post-10544","page","type-page","status-publish","hentry","category-private-selections","category-reisen","category-small-group-selections"],"acf":[],"_links":{"self":[{"href":"https:\/\/select-luxury.travel\/en\/wp-json\/wp\/v2\/pages\/10544","targetHints":{"allow":["GET"]}}],"collection":[{"href":"https:\/\/select-luxury.travel\/en\/wp-json\/wp\/v2\/pages"}],"about":[{"href":"https:\/\/select-luxury.travel\/en\/wp-json\/wp\/v2\/types\/page"}],"author":[{"embeddable":true,"href":"https:\/\/select-luxury.travel\/en\/wp-json\/wp\/v2\/users\/4"}],"replies":[{"embeddable":true,"href":"https:\/\/select-luxury.travel\/en\/wp-json\/wp\/v2\/comments?post=10544"}],"version-history":[{"count":65,"href":"https:\/\/select-luxury.travel\/en\/wp-json\/wp\/v2\/pages\/10544\/revisions"}],"predecessor-version":[{"id":69442,"href":"https:\/\/select-luxury.travel\/en\/wp-json\/wp\/v2\/pages\/10544\/revisions\/69442"}],"wp:attachment":[{"href":"https:\/\/select-luxury.travel\/en\/wp-json\/wp\/v2\/media?parent=10544"}],"wp:term":[{"taxonomy":"category","embeddable":true,"href":"https:\/\/select-luxury.travel\/en\/wp-json\/wp\/v2\/categories?post=10544"},{"taxonomy":"post_tag","embeddable":true,"href":"https:\/\/select-luxury.travel\/en\/wp-json\/wp\/v2\/tags?post=10544"}],"curies":[{"name":"wp","href":"https:\/\/api.w.org\/{rel}","templated":true}]}}